{"id":3155,"date":"2021-04-23T18:35:08","date_gmt":"2021-04-23T15:35:08","guid":{"rendered":"http:\/\/aysangrup.com.tr\/?post_type=product&#038;p=3155"},"modified":"2026-02-21T14:10:57","modified_gmt":"2026-02-21T11:10:57","slug":"zumra","status":"publish","type":"product","link":"https:\/\/aysangrup.com.tr\/index.php\/urun\/zumra\/","title":{"rendered":"Z\u00fcmra"},"content":{"rendered":"<p>Eskitme ve siyah renk se\u00e7enekleri mevcuttur.<\/p>\n<p>E-27 duy ile tasarruflu ve led ampul kullan\u0131m\u0131na uygundur<\/p>\n","protected":false},"excerpt":{"rendered":"<p>Eskitme ve siyah renk se\u00e7enekleri mevcuttur. E-27 duy ile tasarruflu ve led ampul kullan\u0131m\u0131na uygundur<\/p>\n","protected":false},"featured_media":3156,"template":"","meta":[],"product_brand":[],"product_cat":[152],"product_tag":[],"class_list":{"0":"post-3155","1":"product","2":"type-product","3":"status-publish","4":"has-post-thumbnail","6":"product_cat-lambaderler","9":"instock","10":"taxable","11":"shipping-taxable","12":"purchasable","13":"product-type-variable","14":"has-default-attributes"},"_links":{"self":[{"href":"https:\/\/aysangrup.com.tr\/index.php\/wp-json\/wp\/v2\/product\/3155","targetHints":{"allow":["GET"]}}],"collection":[{"href":"https:\/\/aysangrup.com.tr\/index.php\/wp-json\/wp\/v2\/product"}],"about":[{"href":"https:\/\/aysangrup.com.tr\/index.php\/wp-json\/wp\/v2\/types\/product"}],"wp:featuredmedia":[{"embeddable":true,"href":"https:\/\/aysangrup.com.tr\/index.php\/wp-json\/wp\/v2\/media\/3156"}],"wp:attachment":[{"href":"https:\/\/aysangrup.com.tr\/index.php\/wp-json\/wp\/v2\/media?parent=3155"}],"wp:term":[{"taxonomy":"product_brand","embeddable":true,"href":"https:\/\/aysangrup.com.tr\/index.php\/wp-json\/wp\/v2\/product_brand?post=3155"},{"taxonomy":"product_cat","embeddable":true,"href":"https:\/\/aysangrup.com.tr\/index.php\/wp-json\/wp\/v2\/product_cat?post=3155"},{"taxonomy":"product_tag","embeddable":true,"href":"https:\/\/aysangrup.com.tr\/index.php\/wp-json\/wp\/v2\/product_tag?post=3155"}],"curies":[{"name":"wp","href":"https:\/\/api.w.org\/{rel}","templated":true}]}}