{"id":3146,"date":"2021-04-23T18:33:14","date_gmt":"2021-04-23T15:33:14","guid":{"rendered":"http:\/\/aysangrup.com.tr\/?post_type=product&#038;p=3146"},"modified":"2026-02-21T13:44:23","modified_gmt":"2026-02-21T10:44:23","slug":"yagmur","status":"publish","type":"product","link":"https:\/\/aysangrup.com.tr\/index.php\/urun\/yagmur\/","title":{"rendered":"Ya\u011fmur"},"content":{"rendered":"<table>\n<tbody>\n<tr>\n<td class=\"no-border\">\n<div id=\"productDescriptionContent\">\n<ul>\n<li>Yuvarlak gold metal \u00e7er\u00e7evenin i\u00e7inde yer alan cam ba\u015fl\u0131k<\/li>\n<li>15 cm globe cam \u00fcr\u00fcne dahildir<\/li>\n<li>Led ve tasarruflu ampul kullan\u0131m\u0131na uygun (E-27 duy)<\/li>\n<li>Not: Ampul \u00fcr\u00fcne dahil de\u011fildir<\/li>\n<\/ul>\n<\/div>\n<\/td>\n<\/tr>\n<\/tbody>\n<\/table>\n","protected":false},"excerpt":{"rendered":"<p>Yuvarlak gold metal \u00e7er\u00e7evenin i\u00e7inde yer alan cam ba\u015fl\u0131k 15 cm globe cam \u00fcr\u00fcne dahildir Led ve tasarruflu ampul kullan\u0131m\u0131na uygun (E-27 duy) Not: Ampul \u00fcr\u00fcne dahil de\u011fildir<\/p>\n","protected":false},"featured_media":3147,"template":"","meta":[],"product_brand":[],"product_cat":[163,144],"product_tag":[],"class_list":{"0":"post-3146","1":"product","2":"type-product","3":"status-publish","4":"has-post-thumbnail","6":"product_cat-coklu-sarkit","7":"product_cat-modern-avizeler","10":"instock","11":"taxable","12":"shipping-taxable","13":"purchasable","14":"product-type-variable"},"_links":{"self":[{"href":"https:\/\/aysangrup.com.tr\/index.php\/wp-json\/wp\/v2\/product\/3146","targetHints":{"allow":["GET"]}}],"collection":[{"href":"https:\/\/aysangrup.com.tr\/index.php\/wp-json\/wp\/v2\/product"}],"about":[{"href":"https:\/\/aysangrup.com.tr\/index.php\/wp-json\/wp\/v2\/types\/product"}],"wp:featuredmedia":[{"embeddable":true,"href":"https:\/\/aysangrup.com.tr\/index.php\/wp-json\/wp\/v2\/media\/3147"}],"wp:attachment":[{"href":"https:\/\/aysangrup.com.tr\/index.php\/wp-json\/wp\/v2\/media?parent=3146"}],"wp:term":[{"taxonomy":"product_brand","embeddable":true,"href":"https:\/\/aysangrup.com.tr\/index.php\/wp-json\/wp\/v2\/product_brand?post=3146"},{"taxonomy":"product_cat","embeddable":true,"href":"https:\/\/aysangrup.com.tr\/index.php\/wp-json\/wp\/v2\/product_cat?post=3146"},{"taxonomy":"product_tag","embeddable":true,"href":"https:\/\/aysangrup.com.tr\/index.php\/wp-json\/wp\/v2\/product_tag?post=3146"}],"curies":[{"name":"wp","href":"https:\/\/api.w.org\/{rel}","templated":true}]}}