{"id":3111,"date":"2021-04-23T18:13:31","date_gmt":"2021-04-23T15:13:31","guid":{"rendered":"http:\/\/aysangrup.com.tr\/?post_type=product&#038;p=3111"},"modified":"2026-02-21T14:01:49","modified_gmt":"2026-02-21T11:01:49","slug":"quantum","status":"publish","type":"product","link":"https:\/\/aysangrup.com.tr\/index.php\/urun\/quantum\/","title":{"rendered":"Quantum"},"content":{"rendered":"<p>50 &#8211; 60cm \u00e7ap yuvarlak ve masa \u00fcst\u00fc modeli mevcuttur.<\/p>\n","protected":false},"excerpt":{"rendered":"<p>50 &#8211; 60cm \u00e7ap yuvarlak ve masa \u00fcst\u00fc modeli mevcuttur.<\/p>\n","protected":false},"featured_media":3112,"template":"","meta":[],"product_brand":[],"product_cat":[159,144],"product_tag":[],"class_list":{"0":"post-3111","1":"product","2":"type-product","3":"status-publish","4":"has-post-thumbnail","6":"product_cat-kristal-avizeler","7":"product_cat-modern-avizeler","10":"onbackorder","11":"taxable","12":"shipping-taxable","13":"purchasable","14":"product-type-variable"},"_links":{"self":[{"href":"https:\/\/aysangrup.com.tr\/index.php\/wp-json\/wp\/v2\/product\/3111","targetHints":{"allow":["GET"]}}],"collection":[{"href":"https:\/\/aysangrup.com.tr\/index.php\/wp-json\/wp\/v2\/product"}],"about":[{"href":"https:\/\/aysangrup.com.tr\/index.php\/wp-json\/wp\/v2\/types\/product"}],"wp:featuredmedia":[{"embeddable":true,"href":"https:\/\/aysangrup.com.tr\/index.php\/wp-json\/wp\/v2\/media\/3112"}],"wp:attachment":[{"href":"https:\/\/aysangrup.com.tr\/index.php\/wp-json\/wp\/v2\/media?parent=3111"}],"wp:term":[{"taxonomy":"product_brand","embeddable":true,"href":"https:\/\/aysangrup.com.tr\/index.php\/wp-json\/wp\/v2\/product_brand?post=3111"},{"taxonomy":"product_cat","embeddable":true,"href":"https:\/\/aysangrup.com.tr\/index.php\/wp-json\/wp\/v2\/product_cat?post=3111"},{"taxonomy":"product_tag","embeddable":true,"href":"https:\/\/aysangrup.com.tr\/index.php\/wp-json\/wp\/v2\/product_tag?post=3111"}],"curies":[{"name":"wp","href":"https:\/\/api.w.org\/{rel}","templated":true}]}}