{"id":3095,"date":"2021-04-23T18:08:01","date_gmt":"2021-04-23T15:08:01","guid":{"rendered":"http:\/\/aysangrup.com.tr\/?post_type=product&#038;p=3095"},"modified":"2026-02-21T14:15:45","modified_gmt":"2026-02-21T11:15:45","slug":"oscar-yuvarlak-masa-lambasi","status":"publish","type":"product","link":"https:\/\/aysangrup.com.tr\/index.php\/urun\/oscar-yuvarlak-masa-lambasi\/","title":{"rendered":"Oscar Yuvarlak Masa Lambas\u0131"},"content":{"rendered":"<p>Mermer kaideye sabitlenmi\u015f yuvarlak metal<\/p>\n<p>Metale sabitlenmi\u015f 15 cm globe cam<\/p>\n<p>\u00dc\u00e7 farkl\u0131 renk se\u00e7ene\u011fi: Eskitme, krom, gold<\/p>\n<p>E27 duy<\/p>\n","protected":false},"excerpt":{"rendered":"<p>Mermer kaideye sabitlenmi\u015f yuvarlak metal Metale sabitlenmi\u015f 15 cm globe cam \u00dc\u00e7 farkl\u0131 renk se\u00e7ene\u011fi: Eskitme, krom, gold E27 duy<\/p>\n","protected":false},"featured_media":3096,"template":"","meta":[],"product_brand":[],"product_cat":[151],"product_tag":[],"class_list":{"0":"post-3095","1":"product","2":"type-product","3":"status-publish","4":"has-post-thumbnail","6":"product_cat-abajurlar","9":"instock","10":"taxable","11":"shipping-taxable","12":"purchasable","13":"product-type-simple"},"_links":{"self":[{"href":"https:\/\/aysangrup.com.tr\/index.php\/wp-json\/wp\/v2\/product\/3095","targetHints":{"allow":["GET"]}}],"collection":[{"href":"https:\/\/aysangrup.com.tr\/index.php\/wp-json\/wp\/v2\/product"}],"about":[{"href":"https:\/\/aysangrup.com.tr\/index.php\/wp-json\/wp\/v2\/types\/product"}],"wp:featuredmedia":[{"embeddable":true,"href":"https:\/\/aysangrup.com.tr\/index.php\/wp-json\/wp\/v2\/media\/3096"}],"wp:attachment":[{"href":"https:\/\/aysangrup.com.tr\/index.php\/wp-json\/wp\/v2\/media?parent=3095"}],"wp:term":[{"taxonomy":"product_brand","embeddable":true,"href":"https:\/\/aysangrup.com.tr\/index.php\/wp-json\/wp\/v2\/product_brand?post=3095"},{"taxonomy":"product_cat","embeddable":true,"href":"https:\/\/aysangrup.com.tr\/index.php\/wp-json\/wp\/v2\/product_cat?post=3095"},{"taxonomy":"product_tag","embeddable":true,"href":"https:\/\/aysangrup.com.tr\/index.php\/wp-json\/wp\/v2\/product_tag?post=3095"}],"curies":[{"name":"wp","href":"https:\/\/api.w.org\/{rel}","templated":true}]}}