{"id":3091,"date":"2021-04-23T18:07:18","date_gmt":"2021-04-23T15:07:18","guid":{"rendered":"http:\/\/aysangrup.com.tr\/?post_type=product&#038;p=3091"},"modified":"2026-02-21T14:15:57","modified_gmt":"2026-02-21T11:15:57","slug":"oscar-oval","status":"publish","type":"product","link":"https:\/\/aysangrup.com.tr\/index.php\/urun\/oscar-oval\/","title":{"rendered":"Oscar Oval Masa Lambas\u0131"},"content":{"rendered":"<p>Mat sar\u0131, gold, krom ve eskitme renk se\u00e7enekleri mevcuttur.<br \/>\nAbajur kaidesi ger\u00e7ek mermerdir.<\/p>\n<p>E27 duy<\/p>\n","protected":false},"excerpt":{"rendered":"<p>Mat sar\u0131, gold, krom ve eskitme renk se\u00e7enekleri mevcuttur. Abajur kaidesi ger\u00e7ek mermerdir. E27 duy<\/p>\n","protected":false},"featured_media":3094,"template":"","meta":[],"product_brand":[],"product_cat":[151],"product_tag":[],"class_list":{"0":"post-3091","1":"product","2":"type-product","3":"status-publish","4":"has-post-thumbnail","6":"product_cat-abajurlar","9":"instock","10":"taxable","11":"shipping-taxable","12":"purchasable","13":"product-type-simple"},"_links":{"self":[{"href":"https:\/\/aysangrup.com.tr\/index.php\/wp-json\/wp\/v2\/product\/3091","targetHints":{"allow":["GET"]}}],"collection":[{"href":"https:\/\/aysangrup.com.tr\/index.php\/wp-json\/wp\/v2\/product"}],"about":[{"href":"https:\/\/aysangrup.com.tr\/index.php\/wp-json\/wp\/v2\/types\/product"}],"wp:featuredmedia":[{"embeddable":true,"href":"https:\/\/aysangrup.com.tr\/index.php\/wp-json\/wp\/v2\/media\/3094"}],"wp:attachment":[{"href":"https:\/\/aysangrup.com.tr\/index.php\/wp-json\/wp\/v2\/media?parent=3091"}],"wp:term":[{"taxonomy":"product_brand","embeddable":true,"href":"https:\/\/aysangrup.com.tr\/index.php\/wp-json\/wp\/v2\/product_brand?post=3091"},{"taxonomy":"product_cat","embeddable":true,"href":"https:\/\/aysangrup.com.tr\/index.php\/wp-json\/wp\/v2\/product_cat?post=3091"},{"taxonomy":"product_tag","embeddable":true,"href":"https:\/\/aysangrup.com.tr\/index.php\/wp-json\/wp\/v2\/product_tag?post=3091"}],"curies":[{"name":"wp","href":"https:\/\/api.w.org\/{rel}","templated":true}]}}