{"id":3084,"date":"2021-04-23T18:02:39","date_gmt":"2021-04-23T15:02:39","guid":{"rendered":"http:\/\/aysangrup.com.tr\/?post_type=product&#038;p=3084"},"modified":"2026-02-21T14:16:55","modified_gmt":"2026-02-21T11:16:55","slug":"oscar-ikili","status":"publish","type":"product","link":"https:\/\/aysangrup.com.tr\/index.php\/urun\/oscar-ikili\/","title":{"rendered":"Oscar \u0130kili"},"content":{"rendered":"<p>Mermer kaideye sabitlenmi\u015f oval metal \u00e7er\u00e7eve<\/p>\n<p>\u00c7er\u00e7evede yer alan iki adet 15 cm globe cam<\/p>\n<p>E27 duy<\/p>\n<p>Eskitme ve gold renk se\u00e7enekleri<\/p>\n","protected":false},"excerpt":{"rendered":"<p>Mermer kaideye sabitlenmi\u015f oval metal \u00e7er\u00e7eve \u00c7er\u00e7evede yer alan iki adet 15 cm globe cam E27 duy Eskitme ve gold renk se\u00e7enekleri<\/p>\n","protected":false},"featured_media":3085,"template":"","meta":[],"product_brand":[],"product_cat":[151],"product_tag":[],"class_list":{"0":"post-3084","1":"product","2":"type-product","3":"status-publish","4":"has-post-thumbnail","6":"product_cat-abajurlar","9":"instock","10":"taxable","11":"shipping-taxable","12":"purchasable","13":"product-type-simple"},"_links":{"self":[{"href":"https:\/\/aysangrup.com.tr\/index.php\/wp-json\/wp\/v2\/product\/3084","targetHints":{"allow":["GET"]}}],"collection":[{"href":"https:\/\/aysangrup.com.tr\/index.php\/wp-json\/wp\/v2\/product"}],"about":[{"href":"https:\/\/aysangrup.com.tr\/index.php\/wp-json\/wp\/v2\/types\/product"}],"wp:featuredmedia":[{"embeddable":true,"href":"https:\/\/aysangrup.com.tr\/index.php\/wp-json\/wp\/v2\/media\/3085"}],"wp:attachment":[{"href":"https:\/\/aysangrup.com.tr\/index.php\/wp-json\/wp\/v2\/media?parent=3084"}],"wp:term":[{"taxonomy":"product_brand","embeddable":true,"href":"https:\/\/aysangrup.com.tr\/index.php\/wp-json\/wp\/v2\/product_brand?post=3084"},{"taxonomy":"product_cat","embeddable":true,"href":"https:\/\/aysangrup.com.tr\/index.php\/wp-json\/wp\/v2\/product_cat?post=3084"},{"taxonomy":"product_tag","embeddable":true,"href":"https:\/\/aysangrup.com.tr\/index.php\/wp-json\/wp\/v2\/product_tag?post=3084"}],"curies":[{"name":"wp","href":"https:\/\/api.w.org\/{rel}","templated":true}]}}