{"id":3080,"date":"2021-04-23T18:01:30","date_gmt":"2021-04-23T15:01:30","guid":{"rendered":"http:\/\/aysangrup.com.tr\/?post_type=product&#038;p=3080"},"modified":"2026-02-21T14:17:10","modified_gmt":"2026-02-21T11:17:10","slug":"omega","status":"publish","type":"product","link":"https:\/\/aysangrup.com.tr\/index.php\/urun\/omega\/","title":{"rendered":"Omega Lambader"},"content":{"rendered":"<p>Siyah, Eskitme ve krom renk se\u00e7enekleri mevcuttur.<\/p>\n<p>Ba\u015fl\u0131k \u00e7ap\u0131 40 cm<\/p>\n<p>Y\u00fckseklik: 157 cm<\/p>\n<p>&nbsp;<\/p>\n","protected":false},"excerpt":{"rendered":"<p>Siyah, Eskitme ve krom renk se\u00e7enekleri mevcuttur. Ba\u015fl\u0131k \u00e7ap\u0131 40 cm Y\u00fckseklik: 157 cm &nbsp;<\/p>\n","protected":false},"featured_media":3081,"template":"","meta":[],"product_brand":[],"product_cat":[152],"product_tag":[],"class_list":{"0":"post-3080","1":"product","2":"type-product","3":"status-publish","4":"has-post-thumbnail","6":"product_cat-lambaderler","9":"instock","10":"taxable","11":"shipping-taxable","12":"purchasable","13":"product-type-simple"},"_links":{"self":[{"href":"https:\/\/aysangrup.com.tr\/index.php\/wp-json\/wp\/v2\/product\/3080","targetHints":{"allow":["GET"]}}],"collection":[{"href":"https:\/\/aysangrup.com.tr\/index.php\/wp-json\/wp\/v2\/product"}],"about":[{"href":"https:\/\/aysangrup.com.tr\/index.php\/wp-json\/wp\/v2\/types\/product"}],"wp:featuredmedia":[{"embeddable":true,"href":"https:\/\/aysangrup.com.tr\/index.php\/wp-json\/wp\/v2\/media\/3081"}],"wp:attachment":[{"href":"https:\/\/aysangrup.com.tr\/index.php\/wp-json\/wp\/v2\/media?parent=3080"}],"wp:term":[{"taxonomy":"product_brand","embeddable":true,"href":"https:\/\/aysangrup.com.tr\/index.php\/wp-json\/wp\/v2\/product_brand?post=3080"},{"taxonomy":"product_cat","embeddable":true,"href":"https:\/\/aysangrup.com.tr\/index.php\/wp-json\/wp\/v2\/product_cat?post=3080"},{"taxonomy":"product_tag","embeddable":true,"href":"https:\/\/aysangrup.com.tr\/index.php\/wp-json\/wp\/v2\/product_tag?post=3080"}],"curies":[{"name":"wp","href":"https:\/\/api.w.org\/{rel}","templated":true}]}}