{"id":3033,"date":"2021-04-23T17:43:39","date_gmt":"2021-04-23T14:43:39","guid":{"rendered":"http:\/\/aysangrup.com.tr\/?post_type=product&#038;p=3033"},"modified":"2026-02-21T14:26:23","modified_gmt":"2026-02-21T11:26:23","slug":"masif","status":"publish","type":"product","link":"https:\/\/aysangrup.com.tr\/index.php\/urun\/masif\/","title":{"rendered":"Masif"},"content":{"rendered":"<p>S\u0131ral\u0131 ve yuvarlak sark\u0131t modelleri bulunmaktad\u0131r.<br \/>\nTekli, 2li, 3l\u00fc ve d\u00f6rtl\u00fc se\u00e7enekleriyle tasarlanm\u0131\u015ft\u0131r.<br \/>\nRenk: Gold, eskitme ve bak\u0131r<\/p>\n<p>Duy tipi: E27 max 40Watt<\/p>\n","protected":false},"excerpt":{"rendered":"<p>S\u0131ral\u0131 ve yuvarlak sark\u0131t modelleri bulunmaktad\u0131r. Tekli, 2li, 3l\u00fc ve d\u00f6rtl\u00fc se\u00e7enekleriyle tasarlanm\u0131\u015ft\u0131r. Renk: Gold, eskitme ve bak\u0131r Duy tipi: E27 max 40Watt<\/p>\n","protected":false},"featured_media":3036,"template":"","meta":[],"product_brand":[],"product_cat":[163,144],"product_tag":[],"class_list":{"0":"post-3033","1":"product","2":"type-product","3":"status-publish","4":"has-post-thumbnail","6":"product_cat-coklu-sarkit","7":"product_cat-modern-avizeler","10":"instock","11":"featured","12":"taxable","13":"shipping-taxable","14":"purchasable","15":"product-type-variable"},"_links":{"self":[{"href":"https:\/\/aysangrup.com.tr\/index.php\/wp-json\/wp\/v2\/product\/3033","targetHints":{"allow":["GET"]}}],"collection":[{"href":"https:\/\/aysangrup.com.tr\/index.php\/wp-json\/wp\/v2\/product"}],"about":[{"href":"https:\/\/aysangrup.com.tr\/index.php\/wp-json\/wp\/v2\/types\/product"}],"wp:featuredmedia":[{"embeddable":true,"href":"https:\/\/aysangrup.com.tr\/index.php\/wp-json\/wp\/v2\/media\/3036"}],"wp:attachment":[{"href":"https:\/\/aysangrup.com.tr\/index.php\/wp-json\/wp\/v2\/media?parent=3033"}],"wp:term":[{"taxonomy":"product_brand","embeddable":true,"href":"https:\/\/aysangrup.com.tr\/index.php\/wp-json\/wp\/v2\/product_brand?post=3033"},{"taxonomy":"product_cat","embeddable":true,"href":"https:\/\/aysangrup.com.tr\/index.php\/wp-json\/wp\/v2\/product_cat?post=3033"},{"taxonomy":"product_tag","embeddable":true,"href":"https:\/\/aysangrup.com.tr\/index.php\/wp-json\/wp\/v2\/product_tag?post=3033"}],"curies":[{"name":"wp","href":"https:\/\/api.w.org\/{rel}","templated":true}]}}