{"id":2990,"date":"2021-04-23T17:16:15","date_gmt":"2021-04-23T14:16:15","guid":{"rendered":"http:\/\/aysangrup.com.tr\/?post_type=product&#038;p=2990"},"modified":"2026-02-21T14:35:41","modified_gmt":"2026-02-21T11:35:41","slug":"lina","status":"publish","type":"product","link":"https:\/\/aysangrup.com.tr\/index.php\/urun\/lina\/","title":{"rendered":"Lina"},"content":{"rendered":"<p>S\u0131ral\u0131 ve yuvarlak sark\u0131t modelleri bulunmaktad\u0131r.<br \/>\nTekli, 2li, 3l\u00fc ve d\u00f6rtl\u00fc se\u00e7enekleriyle tasarlanm\u0131\u015ft\u0131r.<br \/>\nRenk: Antrasit, Krom, Eskitme ve Siyah<\/p>\n<p>Duy tipi: E27 max 40Watt<\/p>\n","protected":false},"excerpt":{"rendered":"<p>S\u0131ral\u0131 ve yuvarlak sark\u0131t modelleri bulunmaktad\u0131r. Tekli, 2li, 3l\u00fc ve d\u00f6rtl\u00fc se\u00e7enekleriyle tasarlanm\u0131\u015ft\u0131r. Renk: Antrasit, Krom, Eskitme ve Siyah Duy tipi: E27 max 40Watt<\/p>\n","protected":false},"featured_media":2993,"template":"","meta":[],"product_brand":[],"product_cat":[163,144,148],"product_tag":[],"class_list":{"0":"post-2990","1":"product","2":"type-product","3":"status-publish","4":"has-post-thumbnail","6":"product_cat-coklu-sarkit","7":"product_cat-modern-avizeler","8":"product_cat-tekli-sarkitlar","11":"instock","12":"sale","13":"taxable","14":"shipping-taxable","15":"purchasable","16":"product-type-variable"},"_links":{"self":[{"href":"https:\/\/aysangrup.com.tr\/index.php\/wp-json\/wp\/v2\/product\/2990","targetHints":{"allow":["GET"]}}],"collection":[{"href":"https:\/\/aysangrup.com.tr\/index.php\/wp-json\/wp\/v2\/product"}],"about":[{"href":"https:\/\/aysangrup.com.tr\/index.php\/wp-json\/wp\/v2\/types\/product"}],"wp:featuredmedia":[{"embeddable":true,"href":"https:\/\/aysangrup.com.tr\/index.php\/wp-json\/wp\/v2\/media\/2993"}],"wp:attachment":[{"href":"https:\/\/aysangrup.com.tr\/index.php\/wp-json\/wp\/v2\/media?parent=2990"}],"wp:term":[{"taxonomy":"product_brand","embeddable":true,"href":"https:\/\/aysangrup.com.tr\/index.php\/wp-json\/wp\/v2\/product_brand?post=2990"},{"taxonomy":"product_cat","embeddable":true,"href":"https:\/\/aysangrup.com.tr\/index.php\/wp-json\/wp\/v2\/product_cat?post=2990"},{"taxonomy":"product_tag","embeddable":true,"href":"https:\/\/aysangrup.com.tr\/index.php\/wp-json\/wp\/v2\/product_tag?post=2990"}],"curies":[{"name":"wp","href":"https:\/\/api.w.org\/{rel}","templated":true}]}}