{"id":2982,"date":"2021-04-23T17:10:08","date_gmt":"2021-04-23T14:10:08","guid":{"rendered":"http:\/\/aysangrup.com.tr\/?post_type=product&#038;p=2982"},"modified":"2026-02-21T14:39:38","modified_gmt":"2026-02-21T11:39:38","slug":"kartopu","status":"publish","type":"product","link":"https:\/\/aysangrup.com.tr\/index.php\/urun\/kartopu\/","title":{"rendered":"Kartopu"},"content":{"rendered":"<p>S\u0131ral\u0131 ve yuvarlak model olarak tasarlanm\u0131\u015ft\u0131r.<br \/>\nRenk: Siyah<br \/>\nDuy tipi: E27 max 40W<\/p>\n","protected":false},"excerpt":{"rendered":"<p>S\u0131ral\u0131 ve yuvarlak model olarak tasarlanm\u0131\u015ft\u0131r. Renk: Siyah Duy tipi: E27 max 40W<\/p>\n","protected":false},"featured_media":2984,"template":"","meta":[],"product_brand":[],"product_cat":[163,144],"product_tag":[],"class_list":{"0":"post-2982","1":"product","2":"type-product","3":"status-publish","4":"has-post-thumbnail","6":"product_cat-coklu-sarkit","7":"product_cat-modern-avizeler","10":"instock","11":"taxable","12":"shipping-taxable","13":"purchasable","14":"product-type-variable"},"_links":{"self":[{"href":"https:\/\/aysangrup.com.tr\/index.php\/wp-json\/wp\/v2\/product\/2982","targetHints":{"allow":["GET"]}}],"collection":[{"href":"https:\/\/aysangrup.com.tr\/index.php\/wp-json\/wp\/v2\/product"}],"about":[{"href":"https:\/\/aysangrup.com.tr\/index.php\/wp-json\/wp\/v2\/types\/product"}],"wp:featuredmedia":[{"embeddable":true,"href":"https:\/\/aysangrup.com.tr\/index.php\/wp-json\/wp\/v2\/media\/2984"}],"wp:attachment":[{"href":"https:\/\/aysangrup.com.tr\/index.php\/wp-json\/wp\/v2\/media?parent=2982"}],"wp:term":[{"taxonomy":"product_brand","embeddable":true,"href":"https:\/\/aysangrup.com.tr\/index.php\/wp-json\/wp\/v2\/product_brand?post=2982"},{"taxonomy":"product_cat","embeddable":true,"href":"https:\/\/aysangrup.com.tr\/index.php\/wp-json\/wp\/v2\/product_cat?post=2982"},{"taxonomy":"product_tag","embeddable":true,"href":"https:\/\/aysangrup.com.tr\/index.php\/wp-json\/wp\/v2\/product_tag?post=2982"}],"curies":[{"name":"wp","href":"https:\/\/api.w.org\/{rel}","templated":true}]}}