{"id":2970,"date":"2021-04-23T17:04:02","date_gmt":"2021-04-23T14:04:02","guid":{"rendered":"http:\/\/aysangrup.com.tr\/?post_type=product&#038;p=2970"},"modified":"2026-02-21T14:40:00","modified_gmt":"2026-02-21T11:40:00","slug":"helin","status":"publish","type":"product","link":"https:\/\/aysangrup.com.tr\/index.php\/urun\/helin\/","title":{"rendered":"Helin"},"content":{"rendered":"<p>Renk: Eskitme veya Siyah<\/p>\n<p>Duy tipi: E27<\/p>\n<p>\u00dcr\u00fcn \u00f6l\u00e7\u00fcleri: 35x35x155<\/p>\n","protected":false},"excerpt":{"rendered":"<p>Renk: Eskitme veya Siyah Duy tipi: E27 \u00dcr\u00fcn \u00f6l\u00e7\u00fcleri: 35x35x155<\/p>\n","protected":false},"featured_media":2972,"template":"","meta":[],"product_brand":[],"product_cat":[152],"product_tag":[],"class_list":{"0":"post-2970","1":"product","2":"type-product","3":"status-publish","4":"has-post-thumbnail","6":"product_cat-lambaderler","9":"instock","10":"taxable","11":"shipping-taxable","12":"purchasable","13":"product-type-simple"},"_links":{"self":[{"href":"https:\/\/aysangrup.com.tr\/index.php\/wp-json\/wp\/v2\/product\/2970","targetHints":{"allow":["GET"]}}],"collection":[{"href":"https:\/\/aysangrup.com.tr\/index.php\/wp-json\/wp\/v2\/product"}],"about":[{"href":"https:\/\/aysangrup.com.tr\/index.php\/wp-json\/wp\/v2\/types\/product"}],"wp:featuredmedia":[{"embeddable":true,"href":"https:\/\/aysangrup.com.tr\/index.php\/wp-json\/wp\/v2\/media\/2972"}],"wp:attachment":[{"href":"https:\/\/aysangrup.com.tr\/index.php\/wp-json\/wp\/v2\/media?parent=2970"}],"wp:term":[{"taxonomy":"product_brand","embeddable":true,"href":"https:\/\/aysangrup.com.tr\/index.php\/wp-json\/wp\/v2\/product_brand?post=2970"},{"taxonomy":"product_cat","embeddable":true,"href":"https:\/\/aysangrup.com.tr\/index.php\/wp-json\/wp\/v2\/product_cat?post=2970"},{"taxonomy":"product_tag","embeddable":true,"href":"https:\/\/aysangrup.com.tr\/index.php\/wp-json\/wp\/v2\/product_tag?post=2970"}],"curies":[{"name":"wp","href":"https:\/\/api.w.org\/{rel}","templated":true}]}}