{"id":2962,"date":"2021-04-23T16:59:04","date_gmt":"2021-04-23T13:59:04","guid":{"rendered":"http:\/\/aysangrup.com.tr\/?post_type=product&#038;p=2962"},"modified":"2026-02-21T14:40:15","modified_gmt":"2026-02-21T11:40:15","slug":"hektor","status":"publish","type":"product","link":"https:\/\/aysangrup.com.tr\/index.php\/urun\/hektor\/","title":{"rendered":"Hektor"},"content":{"rendered":"<p>3 katl\u0131 led avize<\/p>\n<p>\u00dcr\u00fcn \u00f6l\u00e7\u00fcleri: 50x50x60<\/p>\n","protected":false},"excerpt":{"rendered":"<p>3 katl\u0131 led avize \u00dcr\u00fcn \u00f6l\u00e7\u00fcleri: 50x50x60<\/p>\n","protected":false},"featured_media":2963,"template":"","meta":[],"product_brand":[],"product_cat":[145,144],"product_tag":[],"class_list":{"0":"post-2962","1":"product","2":"type-product","3":"status-publish","4":"has-post-thumbnail","6":"product_cat-led-avizeler","7":"product_cat-modern-avizeler","10":"instock","11":"sale","12":"taxable","13":"shipping-taxable","14":"purchasable","15":"product-type-simple"},"_links":{"self":[{"href":"https:\/\/aysangrup.com.tr\/index.php\/wp-json\/wp\/v2\/product\/2962","targetHints":{"allow":["GET"]}}],"collection":[{"href":"https:\/\/aysangrup.com.tr\/index.php\/wp-json\/wp\/v2\/product"}],"about":[{"href":"https:\/\/aysangrup.com.tr\/index.php\/wp-json\/wp\/v2\/types\/product"}],"wp:featuredmedia":[{"embeddable":true,"href":"https:\/\/aysangrup.com.tr\/index.php\/wp-json\/wp\/v2\/media\/2963"}],"wp:attachment":[{"href":"https:\/\/aysangrup.com.tr\/index.php\/wp-json\/wp\/v2\/media?parent=2962"}],"wp:term":[{"taxonomy":"product_brand","embeddable":true,"href":"https:\/\/aysangrup.com.tr\/index.php\/wp-json\/wp\/v2\/product_brand?post=2962"},{"taxonomy":"product_cat","embeddable":true,"href":"https:\/\/aysangrup.com.tr\/index.php\/wp-json\/wp\/v2\/product_cat?post=2962"},{"taxonomy":"product_tag","embeddable":true,"href":"https:\/\/aysangrup.com.tr\/index.php\/wp-json\/wp\/v2\/product_tag?post=2962"}],"curies":[{"name":"wp","href":"https:\/\/api.w.org\/{rel}","templated":true}]}}