{"id":2947,"date":"2021-04-23T16:51:34","date_gmt":"2021-04-23T13:51:34","guid":{"rendered":"http:\/\/aysangrup.com.tr\/?post_type=product&#038;p=2947"},"modified":"2026-02-21T14:41:00","modified_gmt":"2026-02-21T11:41:00","slug":"garden","status":"publish","type":"product","link":"https:\/\/aysangrup.com.tr\/index.php\/urun\/garden\/","title":{"rendered":"Garden"},"content":{"rendered":"<p>S\u0131ral\u0131 ve yuvarlak sark\u0131t modelleri bulunmaktad\u0131r.<br \/>\nTekli, 2li, 3l\u00fc ve d\u00f6rtl\u00fc se\u00e7enekleriyle tasarlanm\u0131\u015ft\u0131r.<br \/>\nRenk: Eskitme<\/p>\n<p>Duy tipi: E27<\/p>\n","protected":false},"excerpt":{"rendered":"<p>S\u0131ral\u0131 ve yuvarlak sark\u0131t modelleri bulunmaktad\u0131r. Tekli, 2li, 3l\u00fc ve d\u00f6rtl\u00fc se\u00e7enekleriyle tasarlanm\u0131\u015ft\u0131r. Renk: Eskitme Duy tipi: E27<\/p>\n","protected":false},"featured_media":2949,"template":"","meta":[],"product_brand":[],"product_cat":[163,144],"product_tag":[],"class_list":{"0":"post-2947","1":"product","2":"type-product","3":"status-publish","4":"has-post-thumbnail","6":"product_cat-coklu-sarkit","7":"product_cat-modern-avizeler","10":"instock","11":"taxable","12":"shipping-taxable","13":"purchasable","14":"product-type-variable"},"_links":{"self":[{"href":"https:\/\/aysangrup.com.tr\/index.php\/wp-json\/wp\/v2\/product\/2947","targetHints":{"allow":["GET"]}}],"collection":[{"href":"https:\/\/aysangrup.com.tr\/index.php\/wp-json\/wp\/v2\/product"}],"about":[{"href":"https:\/\/aysangrup.com.tr\/index.php\/wp-json\/wp\/v2\/types\/product"}],"wp:featuredmedia":[{"embeddable":true,"href":"https:\/\/aysangrup.com.tr\/index.php\/wp-json\/wp\/v2\/media\/2949"}],"wp:attachment":[{"href":"https:\/\/aysangrup.com.tr\/index.php\/wp-json\/wp\/v2\/media?parent=2947"}],"wp:term":[{"taxonomy":"product_brand","embeddable":true,"href":"https:\/\/aysangrup.com.tr\/index.php\/wp-json\/wp\/v2\/product_brand?post=2947"},{"taxonomy":"product_cat","embeddable":true,"href":"https:\/\/aysangrup.com.tr\/index.php\/wp-json\/wp\/v2\/product_cat?post=2947"},{"taxonomy":"product_tag","embeddable":true,"href":"https:\/\/aysangrup.com.tr\/index.php\/wp-json\/wp\/v2\/product_tag?post=2947"}],"curies":[{"name":"wp","href":"https:\/\/api.w.org\/{rel}","templated":true}]}}