{"id":2814,"date":"2020-11-15T17:18:33","date_gmt":"2020-11-15T14:18:33","guid":{"rendered":"http:\/\/aysangrup.com.tr\/?post_type=product&#038;p=2814"},"modified":"2026-02-21T14:55:30","modified_gmt":"2026-02-21T11:55:30","slug":"asimo-aplik","status":"publish","type":"product","link":"https:\/\/aysangrup.com.tr\/index.php\/urun\/asimo-aplik\/","title":{"rendered":"Asimo Aplik"},"content":{"rendered":"<p>15 cm \u00e7apl\u0131 f\u00fcme-bal globe cam.<\/p>\n<p>E14 duy. Metal kaplama kasa.<\/p>\n<p>max 40Watt<\/p>\n","protected":false},"excerpt":{"rendered":"<p>15 cm \u00e7apl\u0131 f\u00fcme-bal globe cam. E14 duy. Metal kaplama kasa. max 40Watt<\/p>\n","protected":false},"featured_media":2639,"template":"","meta":[],"product_brand":[],"product_cat":[153],"product_tag":[213],"class_list":{"0":"post-2814","1":"product","2":"type-product","3":"status-publish","4":"has-post-thumbnail","6":"product_cat-aplikler","7":"product_tag-aplik","10":"instock","11":"taxable","12":"shipping-taxable","13":"purchasable","14":"product-type-simple"},"_links":{"self":[{"href":"https:\/\/aysangrup.com.tr\/index.php\/wp-json\/wp\/v2\/product\/2814","targetHints":{"allow":["GET"]}}],"collection":[{"href":"https:\/\/aysangrup.com.tr\/index.php\/wp-json\/wp\/v2\/product"}],"about":[{"href":"https:\/\/aysangrup.com.tr\/index.php\/wp-json\/wp\/v2\/types\/product"}],"wp:featuredmedia":[{"embeddable":true,"href":"https:\/\/aysangrup.com.tr\/index.php\/wp-json\/wp\/v2\/media\/2639"}],"wp:attachment":[{"href":"https:\/\/aysangrup.com.tr\/index.php\/wp-json\/wp\/v2\/media?parent=2814"}],"wp:term":[{"taxonomy":"product_brand","embeddable":true,"href":"https:\/\/aysangrup.com.tr\/index.php\/wp-json\/wp\/v2\/product_brand?post=2814"},{"taxonomy":"product_cat","embeddable":true,"href":"https:\/\/aysangrup.com.tr\/index.php\/wp-json\/wp\/v2\/product_cat?post=2814"},{"taxonomy":"product_tag","embeddable":true,"href":"https:\/\/aysangrup.com.tr\/index.php\/wp-json\/wp\/v2\/product_tag?post=2814"}],"curies":[{"name":"wp","href":"https:\/\/api.w.org\/{rel}","templated":true}]}}