{"id":2683,"date":"2020-11-15T14:50:18","date_gmt":"2020-11-15T11:50:18","guid":{"rendered":"http:\/\/aysangrup.com.tr\/?post_type=product&#038;p=2683"},"modified":"2026-02-21T15:03:37","modified_gmt":"2026-02-21T12:03:37","slug":"eslem","status":"publish","type":"product","link":"https:\/\/aysangrup.com.tr\/index.php\/urun\/eslem\/","title":{"rendered":"Eslem"},"content":{"rendered":"<p>\u00dc\u00e7l\u00fc ve d\u00f6rtl\u00fc yuvarlak ve s\u0131ral\u0131 modelleri mevcuttur.<\/p>\n<p>Renk se\u00e7enekleri: Mat sar\u0131, bak\u0131r, krom<\/p>\n<p>Duy tipi: E27<\/p>\n","protected":false},"excerpt":{"rendered":"<p>\u00dc\u00e7l\u00fc ve d\u00f6rtl\u00fc yuvarlak ve s\u0131ral\u0131 modelleri mevcuttur. Renk se\u00e7enekleri: Mat sar\u0131, bak\u0131r, krom Duy tipi: E27<\/p>\n","protected":false},"featured_media":2688,"template":"","meta":[],"product_brand":[],"product_cat":[150,149,144],"product_tag":[],"class_list":{"0":"post-2683","1":"product","2":"type-product","3":"status-publish","4":"has-post-thumbnail","6":"product_cat-country-avizeler","7":"product_cat-metal-avizeler","8":"product_cat-modern-avizeler","11":"instock","12":"taxable","13":"shipping-taxable","14":"purchasable","15":"product-type-variable"},"_links":{"self":[{"href":"https:\/\/aysangrup.com.tr\/index.php\/wp-json\/wp\/v2\/product\/2683","targetHints":{"allow":["GET"]}}],"collection":[{"href":"https:\/\/aysangrup.com.tr\/index.php\/wp-json\/wp\/v2\/product"}],"about":[{"href":"https:\/\/aysangrup.com.tr\/index.php\/wp-json\/wp\/v2\/types\/product"}],"wp:featuredmedia":[{"embeddable":true,"href":"https:\/\/aysangrup.com.tr\/index.php\/wp-json\/wp\/v2\/media\/2688"}],"wp:attachment":[{"href":"https:\/\/aysangrup.com.tr\/index.php\/wp-json\/wp\/v2\/media?parent=2683"}],"wp:term":[{"taxonomy":"product_brand","embeddable":true,"href":"https:\/\/aysangrup.com.tr\/index.php\/wp-json\/wp\/v2\/product_brand?post=2683"},{"taxonomy":"product_cat","embeddable":true,"href":"https:\/\/aysangrup.com.tr\/index.php\/wp-json\/wp\/v2\/product_cat?post=2683"},{"taxonomy":"product_tag","embeddable":true,"href":"https:\/\/aysangrup.com.tr\/index.php\/wp-json\/wp\/v2\/product_tag?post=2683"}],"curies":[{"name":"wp","href":"https:\/\/api.w.org\/{rel}","templated":true}]}}