{"id":2331,"date":"2019-07-06T14:14:58","date_gmt":"2019-07-06T11:14:58","guid":{"rendered":"http:\/\/aysangrup.com.tr\/?post_type=product&#038;p=2331"},"modified":"2026-02-21T15:04:50","modified_gmt":"2026-02-21T12:04:50","slug":"melisa","status":"publish","type":"product","link":"https:\/\/aysangrup.com.tr\/index.php\/urun\/melisa\/","title":{"rendered":"Melisa"},"content":{"rendered":"<p>Tekli, 2li ve 3l\u00fc sark\u0131t modeller bulunmaktad\u0131r.<\/p>\n","protected":false},"excerpt":{"rendered":"<p>Tekli, 2li ve 3l\u00fc sark\u0131t modeller bulunmaktad\u0131r.<\/p>\n","protected":false},"featured_media":2334,"template":"","meta":[],"product_brand":[],"product_cat":[163,144,148],"product_tag":[],"class_list":{"0":"post-2331","1":"product","2":"type-product","3":"status-publish","4":"has-post-thumbnail","6":"product_cat-coklu-sarkit","7":"product_cat-modern-avizeler","8":"product_cat-tekli-sarkitlar","11":"instock","12":"taxable","13":"shipping-taxable","14":"purchasable","15":"product-type-variable"},"_links":{"self":[{"href":"https:\/\/aysangrup.com.tr\/index.php\/wp-json\/wp\/v2\/product\/2331","targetHints":{"allow":["GET"]}}],"collection":[{"href":"https:\/\/aysangrup.com.tr\/index.php\/wp-json\/wp\/v2\/product"}],"about":[{"href":"https:\/\/aysangrup.com.tr\/index.php\/wp-json\/wp\/v2\/types\/product"}],"wp:featuredmedia":[{"embeddable":true,"href":"https:\/\/aysangrup.com.tr\/index.php\/wp-json\/wp\/v2\/media\/2334"}],"wp:attachment":[{"href":"https:\/\/aysangrup.com.tr\/index.php\/wp-json\/wp\/v2\/media?parent=2331"}],"wp:term":[{"taxonomy":"product_brand","embeddable":true,"href":"https:\/\/aysangrup.com.tr\/index.php\/wp-json\/wp\/v2\/product_brand?post=2331"},{"taxonomy":"product_cat","embeddable":true,"href":"https:\/\/aysangrup.com.tr\/index.php\/wp-json\/wp\/v2\/product_cat?post=2331"},{"taxonomy":"product_tag","embeddable":true,"href":"https:\/\/aysangrup.com.tr\/index.php\/wp-json\/wp\/v2\/product_tag?post=2331"}],"curies":[{"name":"wp","href":"https:\/\/api.w.org\/{rel}","templated":true}]}}