{"id":2228,"date":"2019-07-06T00:40:50","date_gmt":"2019-07-05T21:40:50","guid":{"rendered":"http:\/\/aysangrup.com.tr\/?post_type=product&#038;p=2228"},"modified":"2026-02-21T15:08:35","modified_gmt":"2026-02-21T12:08:35","slug":"galaksi","status":"publish","type":"product","link":"https:\/\/aysangrup.com.tr\/index.php\/urun\/galaksi\/","title":{"rendered":"Galaksi"},"content":{"rendered":"<p>Tekli, 2li, 3l\u00fc, plafonyer ve aplik se\u00e7enekleri mevcuttur. Led rengi beyazd\u0131r.<\/p>\n<p>Plafonyerler: 30cm, 40cm ve 50cm \u00e7aplar\u0131na sahiptir.<\/p>\n<p>Sark\u0131tlar: tek 25cm \u00e7ap, ikili 25cm ve 40cm \u00e7ap, \u00fc\u00e7l\u00fc 25cm, 40cm ve 55cm \u00e7aplar\u0131na sahiptir.<\/p>\n","protected":false},"excerpt":{"rendered":"<p>Tekli, 2li, 3l\u00fc, plafonyer ve aplik se\u00e7enekleri mevcuttur. Led rengi beyazd\u0131r. Plafonyerler: 30cm, 40cm ve 50cm \u00e7aplar\u0131na sahiptir. Sark\u0131tlar: tek 25cm \u00e7ap, ikili 25cm ve 40cm \u00e7ap, \u00fc\u00e7l\u00fc 25cm, 40cm ve 55cm \u00e7aplar\u0131na sahiptir.<\/p>\n","protected":false},"featured_media":2232,"template":"","meta":[],"product_brand":[],"product_cat":[159,145,144],"product_tag":[],"class_list":{"0":"post-2228","1":"product","2":"type-product","3":"status-publish","4":"has-post-thumbnail","6":"product_cat-kristal-avizeler","7":"product_cat-led-avizeler","8":"product_cat-modern-avizeler","11":"instock","12":"taxable","13":"shipping-taxable","14":"purchasable","15":"product-type-variable"},"_links":{"self":[{"href":"https:\/\/aysangrup.com.tr\/index.php\/wp-json\/wp\/v2\/product\/2228","targetHints":{"allow":["GET"]}}],"collection":[{"href":"https:\/\/aysangrup.com.tr\/index.php\/wp-json\/wp\/v2\/product"}],"about":[{"href":"https:\/\/aysangrup.com.tr\/index.php\/wp-json\/wp\/v2\/types\/product"}],"wp:featuredmedia":[{"embeddable":true,"href":"https:\/\/aysangrup.com.tr\/index.php\/wp-json\/wp\/v2\/media\/2232"}],"wp:attachment":[{"href":"https:\/\/aysangrup.com.tr\/index.php\/wp-json\/wp\/v2\/media?parent=2228"}],"wp:term":[{"taxonomy":"product_brand","embeddable":true,"href":"https:\/\/aysangrup.com.tr\/index.php\/wp-json\/wp\/v2\/product_brand?post=2228"},{"taxonomy":"product_cat","embeddable":true,"href":"https:\/\/aysangrup.com.tr\/index.php\/wp-json\/wp\/v2\/product_cat?post=2228"},{"taxonomy":"product_tag","embeddable":true,"href":"https:\/\/aysangrup.com.tr\/index.php\/wp-json\/wp\/v2\/product_tag?post=2228"}],"curies":[{"name":"wp","href":"https:\/\/api.w.org\/{rel}","templated":true}]}}