{"id":409,"date":"2018-01-16T12:14:03","date_gmt":"2018-01-16T12:14:03","guid":{"rendered":"http:\/\/theme.nileforest.com\/woo\/philos4\/?page_id=409"},"modified":"2021-04-25T11:23:57","modified_gmt":"2021-04-25T08:23:57","slug":"iletisim","status":"publish","type":"page","link":"https:\/\/aysangrup.com.tr\/index.php\/iletisim\/","title":{"rendered":"\u0130leti\u015fim"},"content":{"rendered":"<div id=\"pl-409\"  class=\"panel-layout\" ><div id=\"pg-409-0\"  class=\"panel-grid panel-no-style\" ><div id=\"pgc-409-0-0\"  class=\"panel-grid-cell\" ><div id=\"panel-409-0-0-0\" class=\"so-panel widget widget_black-studio-tinymce widget_black_studio_tinymce panel-first-child panel-last-child\" data-index=\"0\" ><h3 class=\"widget-title\">Bize Ula\u015f\u0131n<\/h3><div class=\"textwidget\"><div id=\"map\" class=\"map style1 mb-45\"><\/div>\r\n\t\t\t<script src=\"https:\/\/maps.googleapis.com\/maps\/api\/js?key=AIzaSyACUX4PyPhFy4G4mvjP9hhl3LsEQZ5aVrw\" type=\"text\/javascript\"><\/script>\t\t\r\n\t\t\t<script>\r\n\t\t\t\tgoogle.maps.event.addDomListener(window, \"load\", init);\r\n\t\t\t\tfunction init() {\r\n\t\t\t\t\tvar mapOptions = {\r\n\t\t\t\t\t\r\n                \t\tzoom: 13,                \r\n                \t\tcenter: new google.maps.LatLng(39.960381, 32.901701),\r\n\t\t\t\t\t\t               \r\n               \t\t\tstyles: [{ \"featureType\": \"water\", \"elementType\": \"geometry\", \"stylers\": [{ \"color\": \"#e9e9e9\" }, { \"lightness\": 17 }] }, { \"featureType\": \"landscape\", \"elementType\": \"geometry\", \"stylers\": [{ \"color\": \"#f5f5f5\" }, { \"lightness\": 20 }] }, { \"featureType\": \"road.highway\", \"elementType\": \"geometry.fill\", \"stylers\": [{ \"color\": \"#ffffff\" }, { \"lightness\": 17 }] }, { \"featureType\": \"road.highway\", \"elementType\": \"geometry.stroke\", \"stylers\": [{ \"color\": \"#ffffff\" }, { \"lightness\": 29 }, { \"weight\": 0.2 }] }, { \"featureType\": \"road.arterial\", \"elementType\": \"geometry\", \"stylers\": [{ \"color\": \"#ffffff\" }, { \"lightness\": 18 }] }, { \"featureType\": \"road.local\", \"elementType\": \"geometry\", \"stylers\": [{ \"color\": \"#ffffff\" }, { \"lightness\": 16 }] }, { \"featureType\": \"poi\", \"elementType\": \"geometry\", \"stylers\": [{ \"color\": \"#f5f5f5\" }, { \"lightness\": 21 }] }, { \"featureType\": \"poi.park\", \"elementType\": \"geometry\", \"stylers\": [{ \"color\": \"#dedede\" }, { \"lightness\": 21 }] }, { \"elementType\": \"labels.text.stroke\", \"stylers\": [{ \"visibility\": \"on\" }, { \"color\": \"#ffffff\" }, { \"lightness\": 16 }] }, { \"elementType\": \"labels.text.fill\", \"stylers\": [{ \"saturation\": 36 }, { \"color\": \"#333333\" }, { \"lightness\": 40 }] }, { \"elementType\": \"labels.icon\", \"stylers\": [{ \"visibility\": \"off\" }] }, { \"featureType\": \"transit\", \"elementType\": \"geometry\", \"stylers\": [{ \"color\": \"#f2f2f2\" }, { \"lightness\": 19 }] }, { \"featureType\": \"administrative\", \"elementType\": \"geometry.fill\", \"stylers\": [{ \"color\": \"#fefefe\" }, { \"lightness\": 20 }] }, { \"featureType\": \"administrative\", \"elementType\": \"geometry.stroke\", \"stylers\": [{ \"color\": \"#fefefe\" }, { \"lightness\": 17 }, { \"weight\": 1.2 }] }]\r\n            };\r\n            \r\n            var mapElement = document.getElementById(\"map\");\t\t\t          \r\n            var map = new google.maps.Map(mapElement, mapOptions);\r\n            \r\n            var marker = new google.maps.Marker({\r\n                position: new google.maps.LatLng(39.960381, 32.901701),\r\n                map: map,\r\n                title: \"Aysan Grup\"\r\n            });\r\n\t\t\t}\r\n\t\t\t<\/script>\n<\/div><\/div><\/div><\/div><div id=\"pg-409-1\"  class=\"panel-grid panel-has-style\" ><div class=\"container panel-row-style panel-row-style-for-409-1\" ><div id=\"pgc-409-1-0\"  class=\"panel-grid-cell\" ><div id=\"panel-409-1-0-0\" class=\"so-panel widget widget_black-studio-tinymce widget_black_studio_tinymce panel-first-child panel-last-child\" data-index=\"1\" ><h3 class=\"widget-title\">Stay In Touch<\/h3><div class=\"textwidget\"><h2 class=\"normal\"><span>\u0130leti\u015fim<\/span><\/h2>\n<p class=\"mb-25\">Ankara'n\u0131n avize merkezine ula\u015fmak \u00e7ok kolay.<\/p>\n<h6>Ma\u011faza Adresi<\/h6>\n<p class=\"mb-25\"> Ulubey, Dolant\u0131 Sk. <br \/>No:11, 06360 <br \/>Alt\u0131nda\u011f\/Ankara\n<\/p>\n<h6>\u0130leti\u015fim Bilgileri<\/h6>\n<ul class=\"Contact-information mb-25\">\n  <li><i class=\"fa fa-envelope\" aria-hidden=\"true\">&nbsp;<\/i><a href=\"mailto:bilgi@aysangrup.com.tr\">bilgi@aysangrup.com.tr<\/a><\/li>\n  <li><i class=\"fa fa-phone\" aria-hidden=\"true\">&nbsp;<\/i>(0312) 351 94 03<\/li>\n<\/ul>\n<hr \/>\n<\/div><\/div><\/div><div id=\"pgc-409-1-1\"  class=\"panel-grid-cell\" ><div id=\"panel-409-1-1-0\" class=\"so-panel widget widget_black-studio-tinymce widget_black_studio_tinymce panel-first-child panel-last-child\" data-index=\"2\" ><div class=\"offset-md-2 panel-widget-style panel-widget-style-for-409-1-1-0\" ><h3 class=\"widget-title\">\u0130leti\u015fim Formu<\/h3><div class=\"textwidget\">[contact-form-7 id=\"5\" title=\"Contact form 1\"]<\/div><\/div><\/div><\/div><\/div><\/div><\/div>","protected":false},"excerpt":{"rendered":"<p>\u0130leti\u015fim Ankara&#8217;n\u0131n avize merkezine ula\u015fmak \u00e7ok kolay. Ma\u011faza Adresi Ulubey, Dolant\u0131 Sk. No:11, 06360 Alt\u0131nda\u011f\/Ankara \u0130leti\u015fim Bilgileri &nbsp;bilgi@aysangrup.com.tr &nbsp;(0312) 351 94 03 [contact-form-7 id=&#8221;5&#8243; title=&#8221;Contact form 1&#8243;]<\/p>\n","protected":false},"author":1,"featured_media":0,"parent":0,"menu_order":0,"comment_status":"closed","ping_status":"closed","template":"","meta":{"footnotes":""},"class_list":["post-409","page","type-page","status-publish","hentry"],"_links":{"self":[{"href":"https:\/\/aysangrup.com.tr\/index.php\/wp-json\/wp\/v2\/pages\/409","targetHints":{"allow":["GET"]}}],"collection":[{"href":"https:\/\/aysangrup.com.tr\/index.php\/wp-json\/wp\/v2\/pages"}],"about":[{"href":"https:\/\/aysangrup.com.tr\/index.php\/wp-json\/wp\/v2\/types\/page"}],"author":[{"embeddable":true,"href":"https:\/\/aysangrup.com.tr\/index.php\/wp-json\/wp\/v2\/users\/1"}],"replies":[{"embeddable":true,"href":"https:\/\/aysangrup.com.tr\/index.php\/wp-json\/wp\/v2\/comments?post=409"}],"version-history":[{"count":1,"href":"https:\/\/aysangrup.com.tr\/index.php\/wp-json\/wp\/v2\/pages\/409\/revisions"}],"predecessor-version":[{"id":3186,"href":"https:\/\/aysangrup.com.tr\/index.php\/wp-json\/wp\/v2\/pages\/409\/revisions\/3186"}],"wp:attachment":[{"href":"https:\/\/aysangrup.com.tr\/index.php\/wp-json\/wp\/v2\/media?parent=409"}],"curies":[{"name":"wp","href":"https:\/\/api.w.org\/{rel}","templated":true}]}}