{"id":386,"date":"2018-01-13T07:31:28","date_gmt":"2018-01-13T07:31:28","guid":{"rendered":"http:\/\/theme.nileforest.com\/woo\/philos4\/?page_id=386"},"modified":"2019-07-09T01:22:50","modified_gmt":"2019-07-08T22:22:50","slug":"gorsel-galeri","status":"publish","type":"page","link":"https:\/\/aysangrup.com.tr\/index.php\/gorsel-galeri\/","title":{"rendered":"G\u00f6rsel Galeri"},"content":{"rendered":"<div class=\"container\"><div class=\"row mb-40\"><div class=\"col-md-12\"><ul class=\"list-none-ib container-filter categories-filter\"><li><a data-filter=\"*\" class=\"categories active\">All<\/a><\/li><li><a data-filter=\".firmam\u0131zdan\" class=\"categories\">Firmam\u0131zdan<\/a><\/li><\/ul><\/div><\/div><div class=\"row container-grid\"><div class=\"col-md-6 col-sm-6 nf-item firmam\u0131zdan\"><div class=\"portfolio-box\"><a class=\"portfolio-thumb\" href=\"https:\/\/aysangrup.com.tr\/index.php\/portfolio\/ozel-urunlerden\/\"><img decoding=\"async\" src=\"https:\/\/aysangrup.com.tr\/wp-content\/uploads\/2018\/01\/003.jpg\" alt=\"\u00d6zel \u00dcr\u00fcnlerden\"><\/a><div class=\"portfolio-content\"><h6><a href=\"https:\/\/aysangrup.com.tr\/index.php\/portfolio\/ozel-urunlerden\/\">\u00d6zel \u00dcr\u00fcnlerden<\/a><\/h6><p>firmam\u0131zdan<\/p><\/div><\/div><\/div><div class=\"col-md-6 col-sm-6 nf-item firmam\u0131zdan\"><div class=\"portfolio-box\"><a class=\"portfolio-thumb\" href=\"https:\/\/aysangrup.com.tr\/index.php\/portfolio\/atolyeden-4\/\"><img decoding=\"async\" src=\"https:\/\/aysangrup.com.tr\/wp-content\/uploads\/2018\/01\/006.jpg\" alt=\"At\u00f6lyeden -4\"><\/a><div class=\"portfolio-content\"><h6><a href=\"https:\/\/aysangrup.com.tr\/index.php\/portfolio\/atolyeden-4\/\">At\u00f6lyeden -4<\/a><\/h6><p>firmam\u0131zdan<\/p><\/div><\/div><\/div><div class=\"col-md-6 col-sm-6 nf-item firmam\u0131zdan\"><div class=\"portfolio-box\"><a class=\"portfolio-thumb\" href=\"https:\/\/aysangrup.com.tr\/index.php\/portfolio\/atolyeden-3\/\"><img decoding=\"async\" src=\"https:\/\/aysangrup.com.tr\/wp-content\/uploads\/2018\/01\/005.jpg\" alt=\"At\u00f6lyeden &#8211; 3\"><\/a><div class=\"portfolio-content\"><h6><a href=\"https:\/\/aysangrup.com.tr\/index.php\/portfolio\/atolyeden-3\/\">At\u00f6lyeden &#8211; 3<\/a><\/h6><p>firmam\u0131zdan<\/p><\/div><\/div><\/div><div class=\"col-md-6 col-sm-6 nf-item firmam\u0131zdan\"><div class=\"portfolio-box\"><a class=\"portfolio-thumb\" href=\"https:\/\/aysangrup.com.tr\/index.php\/portfolio\/atolyeden-2\/\"><img decoding=\"async\" src=\"https:\/\/aysangrup.com.tr\/wp-content\/uploads\/2018\/01\/002.jpg\" alt=\"At\u00f6lyeden &#8211; 2\"><\/a><div class=\"portfolio-content\"><h6><a href=\"https:\/\/aysangrup.com.tr\/index.php\/portfolio\/atolyeden-2\/\">At\u00f6lyeden &#8211; 2<\/a><\/h6><p>firmam\u0131zdan<\/p><\/div><\/div><\/div><div class=\"col-md-6 col-sm-6 nf-item firmam\u0131zdan\"><div class=\"portfolio-box\"><a class=\"portfolio-thumb\" href=\"https:\/\/aysangrup.com.tr\/index.php\/portfolio\/atolyeden-1\/\"><img decoding=\"async\" src=\"https:\/\/aysangrup.com.tr\/wp-content\/uploads\/2018\/01\/001.jpg\" alt=\"At\u00f6lyeden &#8211; 1\"><\/a><div class=\"portfolio-content\"><h6><a href=\"https:\/\/aysangrup.com.tr\/index.php\/portfolio\/atolyeden-1\/\">At\u00f6lyeden &#8211; 1<\/a><\/h6><p>firmam\u0131zdan<\/p><\/div><\/div><\/div><div class=\"col-md-6 col-sm-6 nf-item firmam\u0131zdan\"><div class=\"portfolio-box\"><a class=\"portfolio-thumb\" href=\"https:\/\/aysangrup.com.tr\/index.php\/portfolio\/yedek-parca-bolumu\/\"><img decoding=\"async\" src=\"https:\/\/aysangrup.com.tr\/wp-content\/uploads\/2018\/01\/004.jpg\" alt=\"Yedek Par\u00e7a B\u00f6l\u00fcm\u00fc\"><\/a><div class=\"portfolio-content\"><h6><a href=\"https:\/\/aysangrup.com.tr\/index.php\/portfolio\/yedek-parca-bolumu\/\">Yedek Par\u00e7a B\u00f6l\u00fcm\u00fc<\/a><\/h6><p>firmam\u0131zdan<\/p><\/div><\/div><\/div><\/div><\/div>\n","protected":false},"excerpt":{"rendered":"","protected":false},"author":1,"featured_media":0,"parent":0,"menu_order":0,"comment_status":"closed","ping_status":"closed","template":"","meta":{"footnotes":""},"class_list":["post-386","page","type-page","status-publish","hentry"],"_links":{"self":[{"href":"https:\/\/aysangrup.com.tr\/index.php\/wp-json\/wp\/v2\/pages\/386","targetHints":{"allow":["GET"]}}],"collection":[{"href":"https:\/\/aysangrup.com.tr\/index.php\/wp-json\/wp\/v2\/pages"}],"about":[{"href":"https:\/\/aysangrup.com.tr\/index.php\/wp-json\/wp\/v2\/types\/page"}],"author":[{"embeddable":true,"href":"https:\/\/aysangrup.com.tr\/index.php\/wp-json\/wp\/v2\/users\/1"}],"replies":[{"embeddable":true,"href":"https:\/\/aysangrup.com.tr\/index.php\/wp-json\/wp\/v2\/comments?post=386"}],"version-history":[{"count":0,"href":"https:\/\/aysangrup.com.tr\/index.php\/wp-json\/wp\/v2\/pages\/386\/revisions"}],"wp:attachment":[{"href":"https:\/\/aysangrup.com.tr\/index.php\/wp-json\/wp\/v2\/media?parent=386"}],"curies":[{"name":"wp","href":"https:\/\/api.w.org\/{rel}","templated":true}]}}