{"id":3595,"date":"2021-05-10T21:39:01","date_gmt":"2021-05-10T18:39:01","guid":{"rendered":"http:\/\/aysangrup.com.tr\/?page_id=3595"},"modified":"2021-05-10T21:39:01","modified_gmt":"2021-05-10T18:39:01","slug":"teslimat-kosullari","status":"publish","type":"page","link":"https:\/\/aysangrup.com.tr\/index.php\/teslimat-kosullari\/","title":{"rendered":"Teslimat Ko\u015fullar\u0131"},"content":{"rendered":"<p>Sipari\u015fleriniz, banka onay\u0131 al\u0131nd\u0131ktan sonra 5 i\u015f g\u00fcn\u00fc (Pazartesi-Cuma) i\u00e7erisinde kargoya teslim edilir. Teslimat adresinin Aysan Grup Ltd \u015eti&#8217;ye uzakl\u0131\u011f\u0131na g\u00f6re kargo \u015firketi 1-3 g\u00fcn i\u00e7erisinde sipari\u015finizi size ula\u015ft\u0131racakt\u0131r.<\/p>\n<p>\u00d6zel \u00fcretim \u00fcr\u00fcnlerin teslim s\u00fcreleri imalat zaman\u0131na g\u00f6re farkl\u0131l\u0131k g\u00f6stermektedir. Bu t\u00fcr \u00fcr\u00fcnlerin teslimat bilgileri ve s\u00fcreleri \u00fcr\u00fcn sayfalar\u0131nda belirtilmi\u015ftir.<\/p>\n<p>Taraf\u0131m\u0131zdan kaynaklanan bir aksilik olmas\u0131 halinde size \u00fcyelik bilgilerinizden yola \u00e7\u0131k\u0131larak haber verilecektir. Bu y\u00fczden \u00fcyelik bilgilerinizin eksiksiz ve do\u011fru olmas\u0131 \u00f6nemlidir.<\/p>\n<p>Bayram ve tatil g\u00fcnlerinde teslimat yap\u0131lmamaktad\u0131r.<\/p>\n<p>Se\u00e7ti\u011finiz \u00fcr\u00fcnlerin tamam\u0131 anla\u015fmal\u0131 oldu\u011fumuz  kargo \u015firketleri taraf\u0131ndan &#8220;aysangrup.com.tr&#8221; garantisi ile size teslim edilecektir.<\/p>\n<p>Sat\u0131n ald\u0131\u011f\u0131n\u0131z \u00fcr\u00fcnler bir teyit e-posta&#8217;s\u0131 ile taraf\u0131n\u0131za bildirilecektir. Se\u00e7ti\u011finiz \u00fcr\u00fcnlerden herhangi birinin stokta mevcut olmamas\u0131 durumunda konu ile ilgili ileti\u015fime ge\u00e7ilerek \u00fcr\u00fcn\u00fcn farkl\u0131 renk ya da modeli ile de\u011fi\u015fiminin gerekti\u011fi taraf\u0131n\u0131za bildirilecektir.<\/p>\n<p>&#8220;aysangrup.com.tr&#8221; online al\u0131\u015fveri\u015f sitesidir. Ayn\u0131 anda birden \u00e7ok kullan\u0131c\u0131ya al\u0131\u015fveri\u015f yapma imkan\u0131 tan\u0131r. Ender de olsa t\u00fcketicinin ayn\u0131 \u00fcr\u00fcn\u00fc almas\u0131 s\u00f6z konusudur ve \u00fcr\u00fcn stoklarda t\u00fckenmektedir. Bu durumda; \u00d6demesini internet \u00fczerinden yapt\u0131n\u0131z \u00fcr\u00fcn e\u011fer stoklar\u0131m\u0131zda kalmam\u0131\u015f ise 4 i\u015f g\u00fcn\u00fc bekleme s\u00fcresi vard\u0131r. \u00dcr\u00fcn bu tarihleri aras\u0131nda t\u00fcketiciye verilemez ise yapt\u0131\u011f\u0131 \u00f6deme kendisine iade edilir.<\/p>\n","protected":false},"excerpt":{"rendered":"<p>Sipari\u015fleriniz, banka onay\u0131 al\u0131nd\u0131ktan sonra 5 i\u015f g\u00fcn\u00fc (Pazartesi-Cuma) i\u00e7erisinde kargoya teslim edilir. Teslimat adresinin Aysan Grup Ltd \u015eti&#8217;ye uzakl\u0131\u011f\u0131na g\u00f6re kargo \u015firketi 1-3 g\u00fcn i\u00e7erisinde sipari\u015finizi size ula\u015ft\u0131racakt\u0131r. \u00d6zel \u00fcretim \u00fcr\u00fcnlerin teslim s\u00fcreleri imalat zaman\u0131na g\u00f6re farkl\u0131l\u0131k g\u00f6stermektedir. Bu t\u00fcr \u00fcr\u00fcnlerin teslimat bilgileri ve s\u00fcreleri \u00fcr\u00fcn sayfalar\u0131nda belirtilmi\u015ftir. Taraf\u0131m\u0131zdan kaynaklanan bir aksilik olmas\u0131 halinde &hellip; <\/p>\n<p class=\"link-more\"><a href=\"https:\/\/aysangrup.com.tr\/index.php\/teslimat-kosullari\/\" class=\"more-link btn btn-xs btn-gray\">Read More <i class=\"fa fa-long-arrow-right right\" aria-hidden=\"true\"><\/i><\/a><\/p>\n","protected":false},"author":1,"featured_media":0,"parent":0,"menu_order":0,"comment_status":"closed","ping_status":"closed","template":"","meta":{"footnotes":""},"class_list":["post-3595","page","type-page","status-publish","hentry"],"_links":{"self":[{"href":"https:\/\/aysangrup.com.tr\/index.php\/wp-json\/wp\/v2\/pages\/3595","targetHints":{"allow":["GET"]}}],"collection":[{"href":"https:\/\/aysangrup.com.tr\/index.php\/wp-json\/wp\/v2\/pages"}],"about":[{"href":"https:\/\/aysangrup.com.tr\/index.php\/wp-json\/wp\/v2\/types\/page"}],"author":[{"embeddable":true,"href":"https:\/\/aysangrup.com.tr\/index.php\/wp-json\/wp\/v2\/users\/1"}],"replies":[{"embeddable":true,"href":"https:\/\/aysangrup.com.tr\/index.php\/wp-json\/wp\/v2\/comments?post=3595"}],"version-history":[{"count":2,"href":"https:\/\/aysangrup.com.tr\/index.php\/wp-json\/wp\/v2\/pages\/3595\/revisions"}],"predecessor-version":[{"id":3607,"href":"https:\/\/aysangrup.com.tr\/index.php\/wp-json\/wp\/v2\/pages\/3595\/revisions\/3607"}],"wp:attachment":[{"href":"https:\/\/aysangrup.com.tr\/index.php\/wp-json\/wp\/v2\/media?parent=3595"}],"curies":[{"name":"wp","href":"https:\/\/api.w.org\/{rel}","templated":true}]}}