{"id":2576,"date":"2019-07-08T23:45:33","date_gmt":"2019-07-08T20:45:33","guid":{"rendered":"http:\/\/aysangrup.com.tr\/?page_id=2576"},"modified":"2019-07-09T00:28:17","modified_gmt":"2019-07-08T21:28:17","slug":"kategoriler","status":"publish","type":"page","link":"https:\/\/aysangrup.com.tr\/index.php\/kategoriler\/","title":{"rendered":"\u00dcr\u00fcn Kategorileri"},"content":{"rendered":"<div id=\"pl-2576\"  class=\"panel-layout\" ><div id=\"pg-2576-0\"  class=\"panel-grid panel-no-style\" ><div id=\"pgc-2576-0-0\"  class=\"panel-grid-cell\" >\t\t<section>\r\n\t\t\t<div class=\"section-padding text-center\">\r\n\t\t\t\t<div class=\"container\">\r\n\t\t\t\t\t\t\t\t\t\t\t<h2 class=\"page-title\">\u00dcr\u00fcn Kategorileri<\/h2>\r\n\t\t\t\t\t\t\t\t\t<\/div>\r\n\t\t\t<\/div>\r\n\t\t\t<div class=\"container container-margin-minus-t\">\r\n\t\t\t\t\t\t\t\t\t<div class=\"row\">\r\n\t\t\t\t\t\t\t\t\t\t\t\t<div class=\"col-md-4 mb-sm-30\">\r\n\t\t\t\t\t\t\t\t<div class=\"categories-box\">\t\t\t\r\n\t\t\t\t\t\t\t\t\t<div class=\"categories-image-wrap\">\r\n\t\t\t\t\t\t\t\t\t\t<a href=\"https:\/\/aysangrup.com.tr\/index.php\/product-category\/abajurlar\/\"><img decoding=\"async\" src=\"https:\/\/aysangrup.com.tr\/wp-content\/uploads\/2019\/07\/abajur.jpg\" alt=\"Abajurlar\" \/><\/a>\r\n\t\t\t\t\t\t\t\t\t<\/div>\r\n\t\t\t\t\t\t\t\t\t<div class=\"categories-content\">\r\n\t\t\t\t\t\t\t\t\t\t<a href=\"https:\/\/aysangrup.com.tr\/index.php\/product-category\/abajurlar\/\">\r\n\t\t\t\t\t\t\t\t\t\t\t<div class=\"categories-caption\">\r\n\t\t\t\t\t\t\t\t\t\t\t\t<h6 class=\"normal\">Abajurlar<\/h6>\r\n\t\t\t\t\t\t\t\t\t\t\t<\/div>\r\n\t\t\t\t\t\t\t\t\t\t<\/a>\r\n\t\t\t\t\t\t\t\t\t<\/div>\r\n\t\t\t\t\t\t\t\t<\/div>\r\n\t\t\t\t\t\t\t<\/div>\r\n\t\t\t\t\t\t\t\t\t\t\t\t\t\t<div class=\"col-md-4 mb-sm-30\">\r\n\t\t\t\t\t\t\t\t<div class=\"categories-box\">\t\t\t\r\n\t\t\t\t\t\t\t\t\t<div class=\"categories-image-wrap\">\r\n\t\t\t\t\t\t\t\t\t\t<a href=\"https:\/\/aysangrup.com.tr\/index.php\/product-category\/ahsap-avizeler\/\"><img decoding=\"async\" src=\"https:\/\/aysangrup.com.tr\/wp-content\/uploads\/2019\/07\/ahsap.jpg\" alt=\"Ah\u015fap Avizeler\" \/><\/a>\r\n\t\t\t\t\t\t\t\t\t<\/div>\r\n\t\t\t\t\t\t\t\t\t<div class=\"categories-content\">\r\n\t\t\t\t\t\t\t\t\t\t<a href=\"https:\/\/aysangrup.com.tr\/index.php\/product-category\/ahsap-avizeler\/\">\r\n\t\t\t\t\t\t\t\t\t\t\t<div class=\"categories-caption\">\r\n\t\t\t\t\t\t\t\t\t\t\t\t<h6 class=\"normal\">Ah\u015fap Avizeler<\/h6>\r\n\t\t\t\t\t\t\t\t\t\t\t<\/div>\r\n\t\t\t\t\t\t\t\t\t\t<\/a>\r\n\t\t\t\t\t\t\t\t\t<\/div>\r\n\t\t\t\t\t\t\t\t<\/div>\r\n\t\t\t\t\t\t\t<\/div>\r\n\t\t\t\t\t\t\t\t\t\t\t\t\t\t<div class=\"col-md-4 mb-sm-30\">\r\n\t\t\t\t\t\t\t\t<div class=\"categories-box\">\t\t\t\r\n\t\t\t\t\t\t\t\t\t<div class=\"categories-image-wrap\">\r\n\t\t\t\t\t\t\t\t\t\t<a href=\"https:\/\/aysangrup.com.tr\/index.php\/product-category\/aplikler\/\"><img decoding=\"async\" src=\"https:\/\/aysangrup.com.tr\/wp-content\/uploads\/2019\/07\/aplik.jpg\" alt=\"Aplikler\" \/><\/a>\r\n\t\t\t\t\t\t\t\t\t<\/div>\r\n\t\t\t\t\t\t\t\t\t<div class=\"categories-content\">\r\n\t\t\t\t\t\t\t\t\t\t<a href=\"https:\/\/aysangrup.com.tr\/index.php\/product-category\/aplikler\/\">\r\n\t\t\t\t\t\t\t\t\t\t\t<div class=\"categories-caption\">\r\n\t\t\t\t\t\t\t\t\t\t\t\t<h6 class=\"normal\">Aplikler<\/h6>\r\n\t\t\t\t\t\t\t\t\t\t\t<\/div>\r\n\t\t\t\t\t\t\t\t\t\t<\/a>\r\n\t\t\t\t\t\t\t\t\t<\/div>\r\n\t\t\t\t\t\t\t\t<\/div>\r\n\t\t\t\t\t\t\t<\/div>\r\n\t\t\t\t\t\t\t\t\t\t\t\t\t\t<div class=\"col-md-4 mb-sm-30\">\r\n\t\t\t\t\t\t\t\t<div class=\"categories-box\">\t\t\t\r\n\t\t\t\t\t\t\t\t\t<div class=\"categories-image-wrap\">\r\n\t\t\t\t\t\t\t\t\t\t<a href=\"https:\/\/aysangrup.com.tr\/index.php\/product-category\/cam-kollu-avizeler\/\"><img decoding=\"async\" src=\"https:\/\/aysangrup.com.tr\/wp-content\/uploads\/2019\/07\/camkollu.jpg\" alt=\"Cam Kollu Avizeler\" \/><\/a>\r\n\t\t\t\t\t\t\t\t\t<\/div>\r\n\t\t\t\t\t\t\t\t\t<div class=\"categories-content\">\r\n\t\t\t\t\t\t\t\t\t\t<a href=\"https:\/\/aysangrup.com.tr\/index.php\/product-category\/cam-kollu-avizeler\/\">\r\n\t\t\t\t\t\t\t\t\t\t\t<div class=\"categories-caption\">\r\n\t\t\t\t\t\t\t\t\t\t\t\t<h6 class=\"normal\">Cam Kollu Avizeler<\/h6>\r\n\t\t\t\t\t\t\t\t\t\t\t<\/div>\r\n\t\t\t\t\t\t\t\t\t\t<\/a>\r\n\t\t\t\t\t\t\t\t\t<\/div>\r\n\t\t\t\t\t\t\t\t<\/div>\r\n\t\t\t\t\t\t\t<\/div>\r\n\t\t\t\t\t\t\t\t\t\t\t\t\t\t<div class=\"col-md-4 mb-sm-30\">\r\n\t\t\t\t\t\t\t\t<div class=\"categories-box\">\t\t\t\r\n\t\t\t\t\t\t\t\t\t<div class=\"categories-image-wrap\">\r\n\t\t\t\t\t\t\t\t\t\t<a href=\"https:\/\/aysangrup.com.tr\/index.php\/product-category\/cocuk-odasi-avizeleri\/\"><img decoding=\"async\" src=\"https:\/\/aysangrup.com.tr\/wp-content\/uploads\/2019\/07\/cocuk.jpg\" alt=\"\u00c7ocuk Odas\u0131 Avizeleri\" \/><\/a>\r\n\t\t\t\t\t\t\t\t\t<\/div>\r\n\t\t\t\t\t\t\t\t\t<div class=\"categories-content\">\r\n\t\t\t\t\t\t\t\t\t\t<a href=\"https:\/\/aysangrup.com.tr\/index.php\/product-category\/cocuk-odasi-avizeleri\/\">\r\n\t\t\t\t\t\t\t\t\t\t\t<div class=\"categories-caption\">\r\n\t\t\t\t\t\t\t\t\t\t\t\t<h6 class=\"normal\">\u00c7ocuk Odas\u0131 Avizeleri<\/h6>\r\n\t\t\t\t\t\t\t\t\t\t\t<\/div>\r\n\t\t\t\t\t\t\t\t\t\t<\/a>\r\n\t\t\t\t\t\t\t\t\t<\/div>\r\n\t\t\t\t\t\t\t\t<\/div>\r\n\t\t\t\t\t\t\t<\/div>\r\n\t\t\t\t\t\t\t\t\t\t\t\t\t\t<div class=\"col-md-4 mb-sm-30\">\r\n\t\t\t\t\t\t\t\t<div class=\"categories-box\">\t\t\t\r\n\t\t\t\t\t\t\t\t\t<div class=\"categories-image-wrap\">\r\n\t\t\t\t\t\t\t\t\t\t<a href=\"https:\/\/aysangrup.com.tr\/index.php\/product-category\/coklu-sarkit\/\"><img decoding=\"async\" src=\"https:\/\/aysangrup.com.tr\/wp-content\/uploads\/2019\/07\/coklu.jpg\" alt=\"\u00c7oklu Sark\u0131t\" \/><\/a>\r\n\t\t\t\t\t\t\t\t\t<\/div>\r\n\t\t\t\t\t\t\t\t\t<div class=\"categories-content\">\r\n\t\t\t\t\t\t\t\t\t\t<a href=\"https:\/\/aysangrup.com.tr\/index.php\/product-category\/coklu-sarkit\/\">\r\n\t\t\t\t\t\t\t\t\t\t\t<div class=\"categories-caption\">\r\n\t\t\t\t\t\t\t\t\t\t\t\t<h6 class=\"normal\">\u00c7oklu Sark\u0131t<\/h6>\r\n\t\t\t\t\t\t\t\t\t\t\t<\/div>\r\n\t\t\t\t\t\t\t\t\t\t<\/a>\r\n\t\t\t\t\t\t\t\t\t<\/div>\r\n\t\t\t\t\t\t\t\t<\/div>\r\n\t\t\t\t\t\t\t<\/div>\r\n\t\t\t\t\t\t\t\t\t\t\t\t\t\t<div class=\"col-md-4 mb-sm-30\">\r\n\t\t\t\t\t\t\t\t<div class=\"categories-box\">\t\t\t\r\n\t\t\t\t\t\t\t\t\t<div class=\"categories-image-wrap\">\r\n\t\t\t\t\t\t\t\t\t\t<a href=\"https:\/\/aysangrup.com.tr\/index.php\/product-category\/country-avizeler\/\"><img decoding=\"async\" src=\"https:\/\/aysangrup.com.tr\/wp-content\/uploads\/2019\/07\/country.jpg\" alt=\"Country Avizeler\" \/><\/a>\r\n\t\t\t\t\t\t\t\t\t<\/div>\r\n\t\t\t\t\t\t\t\t\t<div class=\"categories-content\">\r\n\t\t\t\t\t\t\t\t\t\t<a href=\"https:\/\/aysangrup.com.tr\/index.php\/product-category\/country-avizeler\/\">\r\n\t\t\t\t\t\t\t\t\t\t\t<div class=\"categories-caption\">\r\n\t\t\t\t\t\t\t\t\t\t\t\t<h6 class=\"normal\">Country Avizeler<\/h6>\r\n\t\t\t\t\t\t\t\t\t\t\t<\/div>\r\n\t\t\t\t\t\t\t\t\t\t<\/a>\r\n\t\t\t\t\t\t\t\t\t<\/div>\r\n\t\t\t\t\t\t\t\t<\/div>\r\n\t\t\t\t\t\t\t<\/div>\r\n\t\t\t\t\t\t\t\t\t\t\t\t\t\t<div class=\"col-md-4 mb-sm-30\">\r\n\t\t\t\t\t\t\t\t<div class=\"categories-box\">\t\t\t\r\n\t\t\t\t\t\t\t\t\t<div class=\"categories-image-wrap\">\r\n\t\t\t\t\t\t\t\t\t\t<a href=\"https:\/\/aysangrup.com.tr\/index.php\/product-category\/halatli-avizeler\/\"><img decoding=\"async\" src=\"https:\/\/aysangrup.com.tr\/wp-content\/uploads\/2019\/07\/halatli.jpg\" alt=\"Halatl\u0131 Avizeler\" \/><\/a>\r\n\t\t\t\t\t\t\t\t\t<\/div>\r\n\t\t\t\t\t\t\t\t\t<div class=\"categories-content\">\r\n\t\t\t\t\t\t\t\t\t\t<a href=\"https:\/\/aysangrup.com.tr\/index.php\/product-category\/halatli-avizeler\/\">\r\n\t\t\t\t\t\t\t\t\t\t\t<div class=\"categories-caption\">\r\n\t\t\t\t\t\t\t\t\t\t\t\t<h6 class=\"normal\">Halatl\u0131 Avizeler<\/h6>\r\n\t\t\t\t\t\t\t\t\t\t\t<\/div>\r\n\t\t\t\t\t\t\t\t\t\t<\/a>\r\n\t\t\t\t\t\t\t\t\t<\/div>\r\n\t\t\t\t\t\t\t\t<\/div>\r\n\t\t\t\t\t\t\t<\/div>\r\n\t\t\t\t\t\t\t\t\t\t\t\t\t\t<div class=\"col-md-4 mb-sm-30\">\r\n\t\t\t\t\t\t\t\t<div class=\"categories-box\">\t\t\t\r\n\t\t\t\t\t\t\t\t\t<div class=\"categories-image-wrap\">\r\n\t\t\t\t\t\t\t\t\t\t<a href=\"https:\/\/aysangrup.com.tr\/index.php\/product-category\/klasik-avizeler\/\"><img decoding=\"async\" src=\"https:\/\/aysangrup.com.tr\/wp-content\/uploads\/2019\/07\/klasik.jpg\" alt=\"Klasik Avizeler\" \/><\/a>\r\n\t\t\t\t\t\t\t\t\t<\/div>\r\n\t\t\t\t\t\t\t\t\t<div class=\"categories-content\">\r\n\t\t\t\t\t\t\t\t\t\t<a href=\"https:\/\/aysangrup.com.tr\/index.php\/product-category\/klasik-avizeler\/\">\r\n\t\t\t\t\t\t\t\t\t\t\t<div class=\"categories-caption\">\r\n\t\t\t\t\t\t\t\t\t\t\t\t<h6 class=\"normal\">Klasik Avizeler<\/h6>\r\n\t\t\t\t\t\t\t\t\t\t\t<\/div>\r\n\t\t\t\t\t\t\t\t\t\t<\/a>\r\n\t\t\t\t\t\t\t\t\t<\/div>\r\n\t\t\t\t\t\t\t\t<\/div>\r\n\t\t\t\t\t\t\t<\/div>\r\n\t\t\t\t\t\t\t\t\t\t\t\t\t\t<div class=\"col-md-4 mb-sm-30\">\r\n\t\t\t\t\t\t\t\t<div class=\"categories-box\">\t\t\t\r\n\t\t\t\t\t\t\t\t\t<div class=\"categories-image-wrap\">\r\n\t\t\t\t\t\t\t\t\t\t<a href=\"https:\/\/aysangrup.com.tr\/index.php\/product-category\/kristal-avizeler\/\"><img decoding=\"async\" src=\"https:\/\/aysangrup.com.tr\/wp-content\/uploads\/2019\/07\/kristal.jpg\" alt=\"Kristal Avizeler\" \/><\/a>\r\n\t\t\t\t\t\t\t\t\t<\/div>\r\n\t\t\t\t\t\t\t\t\t<div class=\"categories-content\">\r\n\t\t\t\t\t\t\t\t\t\t<a href=\"https:\/\/aysangrup.com.tr\/index.php\/product-category\/kristal-avizeler\/\">\r\n\t\t\t\t\t\t\t\t\t\t\t<div class=\"categories-caption\">\r\n\t\t\t\t\t\t\t\t\t\t\t\t<h6 class=\"normal\">Kristal Avizeler<\/h6>\r\n\t\t\t\t\t\t\t\t\t\t\t<\/div>\r\n\t\t\t\t\t\t\t\t\t\t<\/a>\r\n\t\t\t\t\t\t\t\t\t<\/div>\r\n\t\t\t\t\t\t\t\t<\/div>\r\n\t\t\t\t\t\t\t<\/div>\r\n\t\t\t\t\t\t\t\t\t\t\t\t\t\t<div class=\"col-md-4 mb-sm-30\">\r\n\t\t\t\t\t\t\t\t<div class=\"categories-box\">\t\t\t\r\n\t\t\t\t\t\t\t\t\t<div class=\"categories-image-wrap\">\r\n\t\t\t\t\t\t\t\t\t\t<a href=\"https:\/\/aysangrup.com.tr\/index.php\/product-category\/lambaderler\/\"><img decoding=\"async\" src=\"https:\/\/aysangrup.com.tr\/wp-content\/uploads\/2019\/07\/lambader.jpg\" alt=\"Lambaderler\" \/><\/a>\r\n\t\t\t\t\t\t\t\t\t<\/div>\r\n\t\t\t\t\t\t\t\t\t<div class=\"categories-content\">\r\n\t\t\t\t\t\t\t\t\t\t<a href=\"https:\/\/aysangrup.com.tr\/index.php\/product-category\/lambaderler\/\">\r\n\t\t\t\t\t\t\t\t\t\t\t<div class=\"categories-caption\">\r\n\t\t\t\t\t\t\t\t\t\t\t\t<h6 class=\"normal\">Lambaderler<\/h6>\r\n\t\t\t\t\t\t\t\t\t\t\t<\/div>\r\n\t\t\t\t\t\t\t\t\t\t<\/a>\r\n\t\t\t\t\t\t\t\t\t<\/div>\r\n\t\t\t\t\t\t\t\t<\/div>\r\n\t\t\t\t\t\t\t<\/div>\r\n\t\t\t\t\t\t\t\t\t\t\t\t\t\t<div class=\"col-md-4 mb-sm-30\">\r\n\t\t\t\t\t\t\t\t<div class=\"categories-box\">\t\t\t\r\n\t\t\t\t\t\t\t\t\t<div class=\"categories-image-wrap\">\r\n\t\t\t\t\t\t\t\t\t\t<a href=\"https:\/\/aysangrup.com.tr\/index.php\/product-category\/led-avizeler\/\"><img decoding=\"async\" src=\"https:\/\/aysangrup.com.tr\/wp-content\/uploads\/2019\/07\/led.jpg\" alt=\"Led Avizeler\" \/><\/a>\r\n\t\t\t\t\t\t\t\t\t<\/div>\r\n\t\t\t\t\t\t\t\t\t<div class=\"categories-content\">\r\n\t\t\t\t\t\t\t\t\t\t<a href=\"https:\/\/aysangrup.com.tr\/index.php\/product-category\/led-avizeler\/\">\r\n\t\t\t\t\t\t\t\t\t\t\t<div class=\"categories-caption\">\r\n\t\t\t\t\t\t\t\t\t\t\t\t<h6 class=\"normal\">Led Avizeler<\/h6>\r\n\t\t\t\t\t\t\t\t\t\t\t<\/div>\r\n\t\t\t\t\t\t\t\t\t\t<\/a>\r\n\t\t\t\t\t\t\t\t\t<\/div>\r\n\t\t\t\t\t\t\t\t<\/div>\r\n\t\t\t\t\t\t\t<\/div>\r\n\t\t\t\t\t\t\t\t\t\t\t\t\t\t<div class=\"col-md-4 mb-sm-30\">\r\n\t\t\t\t\t\t\t\t<div class=\"categories-box\">\t\t\t\r\n\t\t\t\t\t\t\t\t\t<div class=\"categories-image-wrap\">\r\n\t\t\t\t\t\t\t\t\t\t<a href=\"https:\/\/aysangrup.com.tr\/index.php\/product-category\/metal-avizeler\/\"><img decoding=\"async\" src=\"https:\/\/aysangrup.com.tr\/wp-content\/uploads\/2019\/07\/metal.jpg\" alt=\"Metal Avizeler\" \/><\/a>\r\n\t\t\t\t\t\t\t\t\t<\/div>\r\n\t\t\t\t\t\t\t\t\t<div class=\"categories-content\">\r\n\t\t\t\t\t\t\t\t\t\t<a href=\"https:\/\/aysangrup.com.tr\/index.php\/product-category\/metal-avizeler\/\">\r\n\t\t\t\t\t\t\t\t\t\t\t<div class=\"categories-caption\">\r\n\t\t\t\t\t\t\t\t\t\t\t\t<h6 class=\"normal\">Metal Avizeler<\/h6>\r\n\t\t\t\t\t\t\t\t\t\t\t<\/div>\r\n\t\t\t\t\t\t\t\t\t\t<\/a>\r\n\t\t\t\t\t\t\t\t\t<\/div>\r\n\t\t\t\t\t\t\t\t<\/div>\r\n\t\t\t\t\t\t\t<\/div>\r\n\t\t\t\t\t\t\t\t\t\t\t\t\t\t<div class=\"col-md-4 mb-sm-30\">\r\n\t\t\t\t\t\t\t\t<div class=\"categories-box\">\t\t\t\r\n\t\t\t\t\t\t\t\t\t<div class=\"categories-image-wrap\">\r\n\t\t\t\t\t\t\t\t\t\t<a href=\"https:\/\/aysangrup.com.tr\/index.php\/product-category\/metal-kollu-avizeler\/\"><img decoding=\"async\" src=\"https:\/\/aysangrup.com.tr\/wp-content\/uploads\/2019\/07\/metalkollu.jpg\" alt=\"Metal Kollu Avizeler\" \/><\/a>\r\n\t\t\t\t\t\t\t\t\t<\/div>\r\n\t\t\t\t\t\t\t\t\t<div class=\"categories-content\">\r\n\t\t\t\t\t\t\t\t\t\t<a href=\"https:\/\/aysangrup.com.tr\/index.php\/product-category\/metal-kollu-avizeler\/\">\r\n\t\t\t\t\t\t\t\t\t\t\t<div class=\"categories-caption\">\r\n\t\t\t\t\t\t\t\t\t\t\t\t<h6 class=\"normal\">Metal Kollu Avizeler<\/h6>\r\n\t\t\t\t\t\t\t\t\t\t\t<\/div>\r\n\t\t\t\t\t\t\t\t\t\t<\/a>\r\n\t\t\t\t\t\t\t\t\t<\/div>\r\n\t\t\t\t\t\t\t\t<\/div>\r\n\t\t\t\t\t\t\t<\/div>\r\n\t\t\t\t\t\t\t\t\t\t\t\t\t\t<div class=\"col-md-4 mb-sm-30\">\r\n\t\t\t\t\t\t\t\t<div class=\"categories-box\">\t\t\t\r\n\t\t\t\t\t\t\t\t\t<div class=\"categories-image-wrap\">\r\n\t\t\t\t\t\t\t\t\t\t<a href=\"https:\/\/aysangrup.com.tr\/index.php\/product-category\/modern-avizeler\/\"><img decoding=\"async\" src=\"https:\/\/aysangrup.com.tr\/wp-content\/uploads\/2019\/07\/modern.jpg\" alt=\"Modern Avizeler\" \/><\/a>\r\n\t\t\t\t\t\t\t\t\t<\/div>\r\n\t\t\t\t\t\t\t\t\t<div class=\"categories-content\">\r\n\t\t\t\t\t\t\t\t\t\t<a href=\"https:\/\/aysangrup.com.tr\/index.php\/product-category\/modern-avizeler\/\">\r\n\t\t\t\t\t\t\t\t\t\t\t<div class=\"categories-caption\">\r\n\t\t\t\t\t\t\t\t\t\t\t\t<h6 class=\"normal\">Modern Avizeler<\/h6>\r\n\t\t\t\t\t\t\t\t\t\t\t<\/div>\r\n\t\t\t\t\t\t\t\t\t\t<\/a>\r\n\t\t\t\t\t\t\t\t\t<\/div>\r\n\t\t\t\t\t\t\t\t<\/div>\r\n\t\t\t\t\t\t\t<\/div>\r\n\t\t\t\t\t\t\t\t\t\t\t\t\t\t<div class=\"col-md-4 mb-sm-30\">\r\n\t\t\t\t\t\t\t\t<div class=\"categories-box\">\t\t\t\r\n\t\t\t\t\t\t\t\t\t<div class=\"categories-image-wrap\">\r\n\t\t\t\t\t\t\t\t\t\t<a href=\"https:\/\/aysangrup.com.tr\/index.php\/product-category\/plafonyer-avizeler\/\"><img decoding=\"async\" src=\"https:\/\/aysangrup.com.tr\/wp-content\/uploads\/2019\/07\/plafonyer.jpg\" alt=\"Plafonyer Avizeler\" \/><\/a>\r\n\t\t\t\t\t\t\t\t\t<\/div>\r\n\t\t\t\t\t\t\t\t\t<div class=\"categories-content\">\r\n\t\t\t\t\t\t\t\t\t\t<a href=\"https:\/\/aysangrup.com.tr\/index.php\/product-category\/plafonyer-avizeler\/\">\r\n\t\t\t\t\t\t\t\t\t\t\t<div class=\"categories-caption\">\r\n\t\t\t\t\t\t\t\t\t\t\t\t<h6 class=\"normal\">Plafonyer Avizeler<\/h6>\r\n\t\t\t\t\t\t\t\t\t\t\t<\/div>\r\n\t\t\t\t\t\t\t\t\t\t<\/a>\r\n\t\t\t\t\t\t\t\t\t<\/div>\r\n\t\t\t\t\t\t\t\t<\/div>\r\n\t\t\t\t\t\t\t<\/div>\r\n\t\t\t\t\t\t\t\t\t\t\t\t\t\t<div class=\"col-md-4 mb-sm-30\">\r\n\t\t\t\t\t\t\t\t<div class=\"categories-box\">\t\t\t\r\n\t\t\t\t\t\t\t\t\t<div class=\"categories-image-wrap\">\r\n\t\t\t\t\t\t\t\t\t\t<a href=\"https:\/\/aysangrup.com.tr\/index.php\/product-category\/tekli-sarkitlar\/\"><img decoding=\"async\" src=\"https:\/\/aysangrup.com.tr\/wp-content\/uploads\/2019\/07\/tekli.jpg\" alt=\"Tekli Sark\u0131tlar\" \/><\/a>\r\n\t\t\t\t\t\t\t\t\t<\/div>\r\n\t\t\t\t\t\t\t\t\t<div class=\"categories-content\">\r\n\t\t\t\t\t\t\t\t\t\t<a href=\"https:\/\/aysangrup.com.tr\/index.php\/product-category\/tekli-sarkitlar\/\">\r\n\t\t\t\t\t\t\t\t\t\t\t<div class=\"categories-caption\">\r\n\t\t\t\t\t\t\t\t\t\t\t\t<h6 class=\"normal\">Tekli Sark\u0131tlar<\/h6>\r\n\t\t\t\t\t\t\t\t\t\t\t<\/div>\r\n\t\t\t\t\t\t\t\t\t\t<\/a>\r\n\t\t\t\t\t\t\t\t\t<\/div>\r\n\t\t\t\t\t\t\t\t<\/div>\r\n\t\t\t\t\t\t\t<\/div>\r\n\t\t\t\t\t\t\t\t\t\t\t\t\t\t<div class=\"col-md-4 mb-sm-30\">\r\n\t\t\t\t\t\t\t\t<div class=\"categories-box\">\t\t\t\r\n\t\t\t\t\t\t\t\t\t<div class=\"categories-image-wrap\">\r\n\t\t\t\t\t\t\t\t\t\t<a href=\"https:\/\/aysangrup.com.tr\/index.php\/product-category\/uncategorized\/\"><img decoding=\"async\" src=\"https:\/\/aysangrup.com.tr\/wp-content\/uploads\/2019\/07\/diger.jpg\" alt=\"v.Di\u011fer\" \/><\/a>\r\n\t\t\t\t\t\t\t\t\t<\/div>\r\n\t\t\t\t\t\t\t\t\t<div class=\"categories-content\">\r\n\t\t\t\t\t\t\t\t\t\t<a href=\"https:\/\/aysangrup.com.tr\/index.php\/product-category\/uncategorized\/\">\r\n\t\t\t\t\t\t\t\t\t\t\t<div class=\"categories-caption\">\r\n\t\t\t\t\t\t\t\t\t\t\t\t<h6 class=\"normal\">v.Di\u011fer<\/h6>\r\n\t\t\t\t\t\t\t\t\t\t\t<\/div>\r\n\t\t\t\t\t\t\t\t\t\t<\/a>\r\n\t\t\t\t\t\t\t\t\t<\/div>\r\n\t\t\t\t\t\t\t\t<\/div>\r\n\t\t\t\t\t\t\t<\/div>\r\n\t\t\t\t\t\t\t\t\t\t\t<\/div>\r\n\t\t\t<\/div> \r\n\t\t<\/section>\r\n\t<\/div><\/div><\/div>","protected":false},"excerpt":{"rendered":"<p>\u00dcr\u00fcn Kategorileri Abajurlar Ah\u015fap Avizeler Aplikler Cam Kollu Avizeler \u00c7ocuk Odas\u0131 Avizeleri \u00c7oklu Sark\u0131t Country Avizeler Halatl\u0131 Avizeler Klasik Avizeler Kristal Avizeler Lambaderler Led Avizeler Metal Avizeler Metal Kollu Avizeler Modern Avizeler Plafonyer Avizeler Tekli Sark\u0131tlar v.Di\u011fer<\/p>\n","protected":false},"author":1,"featured_media":0,"parent":0,"menu_order":0,"comment_status":"closed","ping_status":"closed","template":"","meta":{"footnotes":""},"class_list":["post-2576","page","type-page","status-publish","hentry"],"_links":{"self":[{"href":"https:\/\/aysangrup.com.tr\/index.php\/wp-json\/wp\/v2\/pages\/2576","targetHints":{"allow":["GET"]}}],"collection":[{"href":"https:\/\/aysangrup.com.tr\/index.php\/wp-json\/wp\/v2\/pages"}],"about":[{"href":"https:\/\/aysangrup.com.tr\/index.php\/wp-json\/wp\/v2\/types\/page"}],"author":[{"embeddable":true,"href":"https:\/\/aysangrup.com.tr\/index.php\/wp-json\/wp\/v2\/users\/1"}],"replies":[{"embeddable":true,"href":"https:\/\/aysangrup.com.tr\/index.php\/wp-json\/wp\/v2\/comments?post=2576"}],"version-history":[{"count":0,"href":"https:\/\/aysangrup.com.tr\/index.php\/wp-json\/wp\/v2\/pages\/2576\/revisions"}],"wp:attachment":[{"href":"https:\/\/aysangrup.com.tr\/index.php\/wp-json\/wp\/v2\/media?parent=2576"}],"curies":[{"name":"wp","href":"https:\/\/api.w.org\/{rel}","templated":true}]}}