{"id":1350,"date":"2018-01-11T12:49:12","date_gmt":"2018-01-11T12:49:12","guid":{"rendered":"http:\/\/theme.nileforest.com\/woo\/philos4\/?page_id=14"},"modified":"2019-07-08T17:59:13","modified_gmt":"2019-07-08T14:59:13","slug":"hakkimizda","status":"publish","type":"page","link":"https:\/\/aysangrup.com.tr\/index.php\/hakkimizda\/","title":{"rendered":"Hakk\u0131m\u0131zda"},"content":{"rendered":"<div id=\"pl-1350\"  class=\"panel-layout\" ><div id=\"pg-1350-0\"  class=\"panel-grid panel-no-style\" ><div id=\"pgc-1350-0-0\"  class=\"panel-grid-cell\" ><div id=\"panel-1350-0-0-0\" class=\"so-panel widget widget_black-studio-tinymce widget_black_studio_tinymce panel-first-child panel-last-child\" data-index=\"0\" ><h3 class=\"widget-title\">Hakk\u0131m\u0131zda<\/h3><div class=\"textwidget\"><div class=\"container mb-80\">\n  <div class=\"row\">\n    <div class=\"col-md-10 offset-md-1\">\n      <div class=\"row mb-45\">\n        <div class=\"col-sm-12 text-center\">\n          <h2 class=\"normal\"><span>\u0130malattan Halka<\/span><\/h2>\n        <\/div>\n        <div class=\"col-sm-6\">\n          <p class=\"large\">Kendi \u00f6z sermayemizle, yerli i\u015f g\u00fcc\u00fc ve tecr\u00fcbemizle son kullan\u0131c\u0131lar ve ma\u011fazalar i\u00e7in en uygun fiyatlarda avizeler \u00fcretiyoruz. Her y\u0131l yeniledi\u011fimiz \u00fcr\u00fcn yelpazemize g\u00fcn\u00fcn modas\u0131na uygun inovatif \u00fcr\u00fcnler ekleyerek daima g\u00fcncel kalmay\u0131 hedefliyoruz.<\/p>\n        <\/div>\n        <div class=\"col-sm-6\">\n          <p class=\"large\">T\u00fcrkiye'nin d\u00f6rt bir taraf\u0131ndaki bay\u0131 a\u011f\u0131m\u0131za s\u00fcrekli yenilerini ekleyerek Aandaolu'nun en \u00fccra k\u00f6\u015felerine \u00fcr\u00fcnlerimizi ula\u015ft\u0131rman\u0131n gururunu ya\u015f\u0131yoruz. Ankara'da avize denildi\u011fi zaman uygun fiyat ve kalite ad\u0131na bir se\u00e7enek olmaktan mutluluk duyuyoruz.<\/p>\n        <\/div>\n      <\/div>\n      <!--Customer Carousel-->\n      <div class=\"product-item-1 owl-carousel owl-theme nf-carousel-theme1\">\n        <div class=\"product-item\"><img decoding=\"async\" src=\"http:\/\/aysangrup.com.tr\/wp-content\/uploads\/2019\/07\/aysan.jpg\" alt=\"Banner\" \/><\/div>\n      <\/div>\n      <!--End Customer Carousel-->\n    <\/div>\n  <\/div>\n<\/div>\n\n\n<\/div><\/div><\/div><\/div><\/div>","protected":false},"excerpt":{"rendered":"<p>\u0130malattan Halka Kendi \u00f6z sermayemizle, yerli i\u015f g\u00fcc\u00fc ve tecr\u00fcbemizle son kullan\u0131c\u0131lar ve ma\u011fazalar i\u00e7in en uygun fiyatlarda avizeler \u00fcretiyoruz. Her y\u0131l yeniledi\u011fimiz \u00fcr\u00fcn yelpazemize g\u00fcn\u00fcn modas\u0131na uygun inovatif \u00fcr\u00fcnler ekleyerek daima g\u00fcncel kalmay\u0131 hedefliyoruz. T\u00fcrkiye&#8217;nin d\u00f6rt bir taraf\u0131ndaki bay\u0131 a\u011f\u0131m\u0131za s\u00fcrekli yenilerini ekleyerek Aandaolu&#8217;nun en \u00fccra k\u00f6\u015felerine \u00fcr\u00fcnlerimizi ula\u015ft\u0131rman\u0131n gururunu ya\u015f\u0131yoruz. Ankara&#8217;da avize denildi\u011fi &hellip; <\/p>\n<p class=\"link-more\"><a href=\"https:\/\/aysangrup.com.tr\/index.php\/hakkimizda\/\" class=\"more-link btn btn-xs btn-gray\">Read More <i class=\"fa fa-long-arrow-right right\" aria-hidden=\"true\"><\/i><\/a><\/p>\n","protected":false},"author":1,"featured_media":0,"parent":0,"menu_order":0,"comment_status":"closed","ping_status":"closed","template":"","meta":{"footnotes":""},"class_list":["post-1350","page","type-page","status-publish","hentry"],"_links":{"self":[{"href":"https:\/\/aysangrup.com.tr\/index.php\/wp-json\/wp\/v2\/pages\/1350","targetHints":{"allow":["GET"]}}],"collection":[{"href":"https:\/\/aysangrup.com.tr\/index.php\/wp-json\/wp\/v2\/pages"}],"about":[{"href":"https:\/\/aysangrup.com.tr\/index.php\/wp-json\/wp\/v2\/types\/page"}],"author":[{"embeddable":true,"href":"https:\/\/aysangrup.com.tr\/index.php\/wp-json\/wp\/v2\/users\/1"}],"replies":[{"embeddable":true,"href":"https:\/\/aysangrup.com.tr\/index.php\/wp-json\/wp\/v2\/comments?post=1350"}],"version-history":[{"count":0,"href":"https:\/\/aysangrup.com.tr\/index.php\/wp-json\/wp\/v2\/pages\/1350\/revisions"}],"wp:attachment":[{"href":"https:\/\/aysangrup.com.tr\/index.php\/wp-json\/wp\/v2\/media?parent=1350"}],"curies":[{"name":"wp","href":"https:\/\/api.w.org\/{rel}","templated":true}]}}